{"id":1477,"date":"2024-03-11T15:17:47","date_gmt":"2024-03-11T14:17:47","guid":{"rendered":"https:\/\/declaration-surrogacy-casablanca.org\/?page_id=1477"},"modified":"2024-03-19T11:11:15","modified_gmt":"2024-03-19T10:11:15","slug":"texto-de-la-declaracion","status":"publish","type":"page","link":"https:\/\/declaration-surrogacy-casablanca.org\/es\/texto-de-la-declaracion\/","title":{"rendered":"Texto de la Declaraci\u00f3n"},"content":{"rendered":"\t\t<div data-elementor-type=\"wp-page\" data-elementor-id=\"1477\" class=\"elementor elementor-1477 elementor-843\" data-elementor-post-type=\"page\">\n\t\t\t\t<div class=\"elementor-element elementor-element-0f73e5f e-flex e-con-boxed e-con e-parent\" data-id=\"0f73e5f\" data-element_type=\"container\" data-e-type=\"container\" data-settings=\"{&quot;background_background&quot;:&quot;classic&quot;}\">\n\t\t\t\t\t<div class=\"e-con-inner\">\n\t\t\t\t<div class=\"elementor-element elementor-element-0f96a70 elementor-widget elementor-widget-heading\" data-id=\"0f96a70\" data-element_type=\"widget\" data-e-type=\"widget\" data-widget_type=\"heading.default\">\n\t\t\t\t<div class=\"elementor-widget-container\">\n\t\t\t\t\t<h1 class=\"elementor-heading-title elementor-size-default\">Texto de la Declaraci\u00f3n<\/h1>\t\t\t\t<\/div>\n\t\t\t\t<\/div>\n\t\t\t\t\t<\/div>\n\t\t\t\t<\/div>\n\t\t<div class=\"elementor-element elementor-element-02f092f e-flex e-con-boxed e-con e-parent\" data-id=\"02f092f\" data-element_type=\"container\" data-e-type=\"container\">\n\t\t\t\t\t<div class=\"e-con-inner\">\n\t\t\t\t<div class=\"elementor-element elementor-element-eccbee4 elementor-align-justify elementor-widget elementor-widget-button\" data-id=\"eccbee4\" data-element_type=\"widget\" data-e-type=\"widget\" data-widget_type=\"button.default\">\n\t\t\t\t<div class=\"elementor-widget-container\">\n\t\t\t\t\t\t\t\t\t<div class=\"elementor-button-wrapper\">\n\t\t\t\t\t<a class=\"elementor-button elementor-button-link elementor-size-sm\" href=\"http:\/\/declaration-surrogacy-casablanca.org\/wp-content\/uploads\/2023\/03\/Press-Kit-Casablanca.pdf\" target=\"_blank\">\n\t\t\t\t\t\t<span class=\"elementor-button-content-wrapper\">\n\t\t\t\t\t\t\t\t\t<span class=\"elementor-button-text\">Press Kit here<\/span>\n\t\t\t\t\t<\/span>\n\t\t\t\t\t<\/a>\n\t\t\t\t<\/div>\n\t\t\t\t\t\t\t\t<\/div>\n\t\t\t\t<\/div>\n\t\t\t\t<div class=\"elementor-element elementor-element-dbc7962 elementor-align-center elementor-widget elementor-widget-button\" data-id=\"dbc7962\" data-element_type=\"widget\" data-e-type=\"widget\" data-widget_type=\"button.default\">\n\t\t\t\t<div class=\"elementor-widget-container\">\n\t\t\t\t\t\t\t\t\t<div class=\"elementor-button-wrapper\">\n\t\t\t\t\t<a class=\"elementor-button elementor-button-link elementor-size-sm\" href=\"http:\/\/declaration-surrogacy-casablanca.org\/wp-content\/uploads\/2023\/03\/Declaration-of-Casablanca.pdf\" target=\"_blank\">\n\t\t\t\t\t\t<span class=\"elementor-button-content-wrapper\">\n\t\t\t\t\t\t\t\t\t<span class=\"elementor-button-text\">La Declaraci\u00f3n<\/span>\n\t\t\t\t\t<\/span>\n\t\t\t\t\t<\/a>\n\t\t\t\t<\/div>\n\t\t\t\t\t\t\t\t<\/div>\n\t\t\t\t<\/div>\n\t\t\t\t\t<\/div>\n\t\t\t\t<\/div>\n\t\t<div class=\"elementor-element elementor-element-eb6adbc e-flex e-con-boxed e-con e-parent\" data-id=\"eb6adbc\" data-element_type=\"container\" data-e-type=\"container\">\n\t\t\t\t\t<div class=\"e-con-inner\">\n\t\t\t\t<div class=\"elementor-element elementor-element-e69ff8e elementor-widget elementor-widget-image\" data-id=\"e69ff8e\" data-element_type=\"widget\" data-e-type=\"widget\" data-widget_type=\"image.default\">\n\t\t\t\t<div class=\"elementor-widget-container\">\n\t\t\t\t\t\t\t\t\t\t\t\t\t\t\t<img fetchpriority=\"high\" decoding=\"async\" width=\"651\" height=\"255\" src=\"https:\/\/declaration-surrogacy-casablanca.org\/wp-content\/uploads\/2024\/01\/Declaration-of-Casablanca-web.jpg\" class=\"attachment-medium_large size-medium_large wp-image-1436\" alt=\"\" srcset=\"https:\/\/declaration-surrogacy-casablanca.org\/wp-content\/uploads\/2024\/01\/Declaration-of-Casablanca-web.jpg 651w, https:\/\/declaration-surrogacy-casablanca.org\/wp-content\/uploads\/2024\/01\/Declaration-of-Casablanca-web-300x118.jpg 300w\" sizes=\"(max-width: 651px) 100vw, 651px\" \/>\t\t\t\t\t\t\t\t\t\t\t\t\t\t\t<\/div>\n\t\t\t\t<\/div>\n\t\t\t\t<div class=\"elementor-element elementor-element-1303f63 elementor-widget elementor-widget-text-editor\" data-id=\"1303f63\" data-element_type=\"widget\" data-e-type=\"widget\" data-widget_type=\"text-editor.default\">\n\t\t\t\t<div class=\"elementor-widget-container\">\n\t\t\t\t\t\t\t\t\t<p>Nosotros, firmantes de esta Declaraci\u00f3n<em><br \/><\/em><\/p>\n<p><strong>Somos conscientes de lo siguiente :<\/strong><\/p>\n<ul>\n<li>Del sufrimiento de las personas que no pueden concebir.<\/li>\n<li>Del atractivo de las tecnolog\u00edas de reproducci\u00f3n <\/li>\n<li>De la problem\u00e1tica internacional de una protecci\u00f3n eficaz de la dignidad humana.<\/li>\n<\/ul>\n<p><strong>Convencidos de que el contrato mediante el cual uno o varios mandantes acuerdan con una mujer que \u00e9sta geste uno o varios hijos con el fin de que sean entregados al nacer, independientemente del nombre y de las condiciones de dicho contrato, denominado a continuaci\u00f3n maternidad subrogada :<\/strong><\/p>\n<ul>\n<li>Viola la dignidad humana<\/li>\n<li>Y contribuye a la mercantilizaci\u00f3n de las mujeres y los ni\u00f1os.<\/li>\n<\/ul>\n<p><strong>Solicitamos a los Estados la prohibici\u00f3n de la maternidad subrogada en todas sus modalidades y tipos, sea o no remunerada, y la aplicaci\u00f3n de medidas para combatir dicha pr\u00e1ctica.<\/strong><\/p>\n<p>Para ello, hacemos las siguientes recomendaciones a los Estados :<\/p>\n<ul>\n<li>Prohibir la gestaci\u00f3n subrogada en su territorio<\/li>\n<li>Negar todo valor jur\u00eddico a los contratos que lleven el compromiso de una mujer de gestar y dar a luz a un ni\u00f1o<\/li>\n<li>Sancionar a las personas f\u00edsicas y jur\u00eddicas que act\u00faen como intermediarios**** entre las madres de alquiler** y los mandantes***<\/li>\n<li>Perseguir judicialmente a las personas que recurran a la maternidad subrogada en su territorio <\/li>\n<li>Perseguir judicialmente a sus nacionales que recurran a la maternidad subrogada fuera de su territorio <\/li>\n<li>Y actuar a favor de la aplicaci\u00f3n de un instrumento jur\u00eddico que proh\u00edba globalmente la maternidad subrogada.<\/li>\n<\/ul>\n<p><em><strong>Se adjunta a esta Declaraci\u00f3n un proyecto de Convenio internacional, libremente disponible para los Estados que deseen comprometerse en dicho proceso.<\/strong><\/em><\/p>\n\t\t\t\t\t\t\t\t<\/div>\n\t\t\t\t<\/div>\n\t\t\t\t<div class=\"elementor-element elementor-element-f47bd20 elementor-widget elementor-widget-text-editor\" data-id=\"f47bd20\" data-element_type=\"widget\" data-e-type=\"widget\" data-widget_type=\"text-editor.default\">\n\t\t\t\t<div class=\"elementor-widget-container\">\n\t\t\t\t\t\t\t\t\t<p><em>* Gestaci\u00f3n subrogada, maternidad subrogada, explotaci\u00f3n reproductiva, utilizaci\u00f3n de un vientre de alquiler: Es el hecho de que uno o varios mandantes se pongan de acuerdo con una mujer para que \u00e9sta geste uno o varios ni\u00f1os con el fin de que nazcan, independientemente de que el acuerdo se haya celebrado directamente por ellos o a trav\u00e9s de uno o varios terceros.<\/em><br \/><em>** Portadora gestacional, madre subrogada o sustituta : Mujer que se compromete, en beneficio de uno o varios mandantes, a gestar por cuenta de \u00e9stos uno o varios ni\u00f1os para entreg\u00e1rselos al nacer.<\/em><\/p>\n<p><em>*** Mandante(s): Persona(s), tambi\u00e9n llamada(s) cliente(s) o padre(s) intencional(es), que se compromete(n) con una mujer a gestar por su cuenta uno o varios ni\u00f1os que les ser\u00e1n entregados al nacer.<\/em><\/p>\n<p><em>**** Intermediarios a efectos de la gestaci\u00f3n subrogada: Persona(s) f\u00edsica(s) o jur\u00eddica(s) que pone(n) en contacto a una mujer y a uno o varios mandantes para que \u00e9sta geste uno o varios ni\u00f1os y los entregue al nacer y\/o medie entre la mujer y el o los mandantes a tal efecto.<\/em><\/p>\n\t\t\t\t\t\t\t\t<\/div>\n\t\t\t\t<\/div>\n\t\t\t\t<div class=\"elementor-element elementor-element-1b0337f elementor-widget elementor-widget-image\" data-id=\"1b0337f\" data-element_type=\"widget\" data-e-type=\"widget\" data-widget_type=\"image.default\">\n\t\t\t\t<div class=\"elementor-widget-container\">\n\t\t\t\t\t\t\t\t\t\t\t\t\t\t\t<img decoding=\"async\" width=\"650\" height=\"627\" src=\"https:\/\/declaration-surrogacy-casablanca.org\/wp-content\/uploads\/2023\/02\/GPA-anglaisv2_sticker.jpg\" class=\"attachment-large size-large wp-image-1102\" alt=\"\" srcset=\"https:\/\/declaration-surrogacy-casablanca.org\/wp-content\/uploads\/2023\/02\/GPA-anglaisv2_sticker.jpg 650w, https:\/\/declaration-surrogacy-casablanca.org\/wp-content\/uploads\/2023\/02\/GPA-anglaisv2_sticker-300x289.jpg 300w\" sizes=\"(max-width: 650px) 100vw, 650px\" \/>\t\t\t\t\t\t\t\t\t\t\t\t\t\t\t<\/div>\n\t\t\t\t<\/div>\n\t\t\t\t<div class=\"elementor-element elementor-element-aca0e28 elementor-widget-divider--view-line elementor-widget elementor-widget-divider\" data-id=\"aca0e28\" data-element_type=\"widget\" data-e-type=\"widget\" data-widget_type=\"divider.default\">\n\t\t\t\t<div class=\"elementor-widget-container\">\n\t\t\t\t\t\t\t<div class=\"elementor-divider\">\n\t\t\t<span class=\"elementor-divider-separator\">\n\t\t\t\t\t\t<\/span>\n\t\t<\/div>\n\t\t\t\t\t\t<\/div>\n\t\t\t\t<\/div>\n\t\t\t\t<div class=\"elementor-element elementor-element-28d7a33 elementor-widget elementor-widget-text-editor\" data-id=\"28d7a33\" data-element_type=\"widget\" data-e-type=\"widget\" data-widget_type=\"text-editor.default\">\n\t\t\t\t<div class=\"elementor-widget-container\">\n\t\t\t\t\t\t\t\t\t<p><strong>Anexo \u2013 Convenio internacional para la prohibici\u00f3n mundial de la maternidad subrogada<\/strong><\/p>\n<p>Los Estados firmantes del presente Convenio son conscientes de :<\/p>\n<p><strong>Somos conscientes de lo siguiente :<\/strong><\/p>\n<ul>\n<li>Del sufrimiento de las personas que no pueden concebir.<\/li>\n<li>Del atractivo de las tecnolog\u00edas de reproducci\u00f3n <\/li>\n<li>De la problem\u00e1tica internacional de una protecci\u00f3n eficaz de la dignidad humana.<\/li>\n<\/ul>\n<p><strong>Convencidos de que el contrato por el que uno o varios mandantes acuerdan con una mujer que \u00e9sta geste uno o varios hijos para su entrega al nacer, cualquiera que sea el nombre y las condiciones de dicho contrato, denominado a continuaci\u00f3n maternidad subrogada :<\/strong><\/p>\n<ul>\n<li>Viola la dignidad humana<\/li>\n<li>Y contribuye a la mercantilizaci\u00f3n de las mujeres y los ni\u00f1os.<\/li>\n<\/ul>\n<p><strong>Denuncian la maternidad subrogada en cualquiera de sus modalidades y tipos, sea o no remunerada.<\/strong><\/p>\n<p><strong>Se comprometen a luchar contra dicha pr\u00e1ctica para proteger y preservar la dignidad humana y los derechos de las mujeres y los ni\u00f1os, mediante la aplicaci\u00f3n de medidas eficaces, entre ellas :<\/strong><\/p>\n<ul>\n<li>Prohibiendo la maternidad subrogada en su territorio<\/li>\n<li>Negando todo valor jur\u00eddico al contrato que conlleva el compromiso de una mujer de gestar y dar a luz a un ni\u00f1o<\/li>\n<li>Sancionar a las personas f\u00edsicas y jur\u00eddicas que act\u00faen como intermediarios entre las madres de alquiler y los mandantes <\/li>\n<li>Perseguir judicialmente a las personas que recurran a la maternidad subrogada en su territorio <\/li>\n<li>Perseguir judicialmente a sus nacionales que recurran a la maternidad subrogada fuera de su territorio<\/li>\n<\/ul>\n\t\t\t\t\t\t\t\t<\/div>\n\t\t\t\t<\/div>\n\t\t\t\t<div class=\"elementor-element elementor-element-d0ddc8a elementor-widget elementor-widget-text-editor\" data-id=\"d0ddc8a\" data-element_type=\"widget\" data-e-type=\"widget\" data-widget_type=\"text-editor.default\">\n\t\t\t\t<div class=\"elementor-widget-container\">\n\t\t\t\t\t\t\t\t\t<p><em>La Declaraci\u00f3n de Casablanca para la abolici\u00f3n mundial de la maternidad subrogada, firmada por 100 expertos (juristas, m\u00e9dicos, psic\u00f3logos, fil\u00f3sofos, etc.) de 75 nacionalidades, fue hecha p\u00fablica en Casablanca (Marruecos) el 3 de marzo de 2023.<\/em><\/p>\n<p><em>Este texto no es propiedad de ninguna estructura. Est\u00e1 a disposici\u00f3n de todos los Estados, organizaciones o personas que sue\u00f1an con un mundo sin el flagelo del mercado de la maternidad subrogada.<\/em><\/p>\n<p><em>No es necesario solicitar ninguna autorizaci\u00f3n para utilizar el contenido de la Declaraci\u00f3n o la proposici\u00f3n de Convenci\u00f3n anexa.<\/em>  <\/p>\n<p><em>La Declaraci\u00f3n de Casablanca es la contribuci\u00f3n que los expertos firmantes se complacen en ofrecer a la humanidad, a todos y cada uno de los que la necesitan.<\/em><\/p>\n\t\t\t\t\t\t\t\t<\/div>\n\t\t\t\t<\/div>\n\t\t\t\t\t<\/div>\n\t\t\t\t<\/div>\n\t\t\t\t<\/div>\n\t\t","protected":false},"excerpt":{"rendered":"<p>Texto de la Declaraci\u00f3n Press Kit here La Declaraci\u00f3n Nosotros, firmantes de esta Declaraci\u00f3n Somos conscientes de lo siguiente : Del sufrimiento de las personas que no pueden concebir. Del atractivo de las tecnolog\u00edas de reproducci\u00f3n De la problem\u00e1tica internacional de una protecci\u00f3n eficaz de la dignidad humana. Convencidos de que el contrato mediante el [&hellip;]<\/p>\n","protected":false},"author":4,"featured_media":0,"parent":0,"menu_order":0,"comment_status":"closed","ping_status":"closed","template":"elementor_header_footer","meta":{"_seopress_robots_primary_cat":"","_seopress_titles_title":"","_seopress_titles_desc":"","_seopress_robots_index":"","footnotes":""},"class_list":["post-1477","page","type-page","status-publish","hentry"],"_links":{"self":[{"href":"https:\/\/declaration-surrogacy-casablanca.org\/es\/wp-json\/wp\/v2\/pages\/1477","targetHints":{"allow":["GET"]}}],"collection":[{"href":"https:\/\/declaration-surrogacy-casablanca.org\/es\/wp-json\/wp\/v2\/pages"}],"about":[{"href":"https:\/\/declaration-surrogacy-casablanca.org\/es\/wp-json\/wp\/v2\/types\/page"}],"author":[{"embeddable":true,"href":"https:\/\/declaration-surrogacy-casablanca.org\/es\/wp-json\/wp\/v2\/users\/4"}],"replies":[{"embeddable":true,"href":"https:\/\/declaration-surrogacy-casablanca.org\/es\/wp-json\/wp\/v2\/comments?post=1477"}],"version-history":[{"count":0,"href":"https:\/\/declaration-surrogacy-casablanca.org\/es\/wp-json\/wp\/v2\/pages\/1477\/revisions"}],"wp:attachment":[{"href":"https:\/\/declaration-surrogacy-casablanca.org\/es\/wp-json\/wp\/v2\/media?parent=1477"}],"curies":[{"name":"wp","href":"https:\/\/api.w.org\/{rel}","templated":true}]}}