{"id":1479,"date":"2024-03-11T15:17:38","date_gmt":"2024-03-11T14:17:38","guid":{"rendered":"https:\/\/declaration-surrogacy-casablanca.org\/?page_id=1479"},"modified":"2024-03-13T11:19:06","modified_gmt":"2024-03-13T10:19:06","slug":"declaracion-genesis","status":"publish","type":"page","link":"https:\/\/declaration-surrogacy-casablanca.org\/es\/declaracion-genesis\/","title":{"rendered":"Declaraci\u00f3n G\u00e9nesis"},"content":{"rendered":"\t\t<div data-elementor-type=\"wp-page\" data-elementor-id=\"1479\" class=\"elementor elementor-1479 elementor-916\" data-elementor-post-type=\"page\">\n\t\t\t\t<div class=\"elementor-element elementor-element-f4f2fb1 e-flex e-con-boxed e-con e-parent\" data-id=\"f4f2fb1\" data-element_type=\"container\" data-e-type=\"container\" data-settings=\"{&quot;background_background&quot;:&quot;classic&quot;}\">\n\t\t\t\t\t<div class=\"e-con-inner\">\n\t\t\t\t<div class=\"elementor-element elementor-element-8c20545 elementor-widget elementor-widget-heading\" data-id=\"8c20545\" data-element_type=\"widget\" data-e-type=\"widget\" data-widget_type=\"heading.default\">\n\t\t\t\t<div class=\"elementor-widget-container\">\n\t\t\t\t\t<h1 class=\"elementor-heading-title elementor-size-default\">Declaraci\u00f3n G\u00e9nesis<\/h1>\t\t\t\t<\/div>\n\t\t\t\t<\/div>\n\t\t\t\t\t<\/div>\n\t\t\t\t<\/div>\n\t\t<div class=\"elementor-element elementor-element-609ccb2 e-flex e-con-boxed e-con e-parent\" data-id=\"609ccb2\" data-element_type=\"container\" data-e-type=\"container\">\n\t\t\t\t\t<div class=\"e-con-inner\">\n\t\t\t\t<div class=\"elementor-element elementor-element-29975f8 elementor-widget elementor-widget-image\" data-id=\"29975f8\" data-element_type=\"widget\" data-e-type=\"widget\" data-widget_type=\"image.default\">\n\t\t\t\t<div class=\"elementor-widget-container\">\n\t\t\t\t\t\t\t\t\t\t\t\t\t\t\t<img fetchpriority=\"high\" decoding=\"async\" width=\"650\" height=\"627\" src=\"https:\/\/declaration-surrogacy-casablanca.org\/wp-content\/uploads\/2023\/02\/GPA-anglaisv2_sticker.jpg\" class=\"attachment-large size-large wp-image-1102\" alt=\"\" srcset=\"https:\/\/declaration-surrogacy-casablanca.org\/wp-content\/uploads\/2023\/02\/GPA-anglaisv2_sticker.jpg 650w, https:\/\/declaration-surrogacy-casablanca.org\/wp-content\/uploads\/2023\/02\/GPA-anglaisv2_sticker-300x289.jpg 300w\" sizes=\"(max-width: 650px) 100vw, 650px\" \/>\t\t\t\t\t\t\t\t\t\t\t\t\t\t\t<\/div>\n\t\t\t\t<\/div>\n\t\t\t\t<div class=\"elementor-element elementor-element-c4697eb elementor-widget elementor-widget-text-editor\" data-id=\"c4697eb\" data-element_type=\"widget\" data-e-type=\"widget\" data-widget_type=\"text-editor.default\">\n\t\t\t\t<div class=\"elementor-widget-container\">\n\t\t\t\t\t\t\t\t\t<p>El 3 de marzo de 2023, en Casablanca (Marruecos), se present\u00f3 al p\u00fablico la Declaraci\u00f3n de Casablanca, firmada por 100 expertos de 75 nacionalidades, en la que se pide a los Estados que se comprometan a la abolici\u00f3n universal de la maternidad subrogada.<\/p>\n<p>La Declaraci\u00f3n de Casablanca tiene sus ra\u00edces en un grupo de expertos, principalmente abogados, m\u00e9dicos y psic\u00f3logos, que act\u00faan como investigadores y profesionales en sus respectivos campos. Estos profesionales llevan mucho tiempo trabajando sobre la maternidad subrogada (GPA) y su impacto en las personas y la sociedad.<\/p>\n<p>Hace tiempo que han llegado a la conclusi\u00f3n compartida de que la dimensi\u00f3n internacional de la maternidad subrogada exige una respuesta internacional, y que un Convenio internacional ser\u00eda la \u00fanica forma eficaz de lograr finalmente la abolici\u00f3n de la maternidad subrogada.<\/p>\n<p>Convencidos de la necesidad de trabajar juntos y en colaboraci\u00f3n sobre la manera de llevar a cabo dicha iniciativa internacional para proteger a las mujeres y a los ni\u00f1os del mercado mundial de la maternidad subrogada, decidieron redactar una propuesta de Convenio Internacional para la Abolici\u00f3n Universal de la Maternidad Subrogada.<\/p>\n<p>Sin embargo, en lugar de publicar este trabajo doctrinal en revistas especializadas, han pedido a sus colegas, expertos de todo el mundo, que llamen la atenci\u00f3n y sobre todo el inter\u00e9s de los Estados sobre esta iniciativa internacional. Los primeros firmantes son 100 expertos de 75 nacionalidades que piden a los Estados que :<\/p>\n<ul>\n<li>Adopten medidas para luchar contra la maternidad subrogada en su territorio<\/li>\n<li>A comprometerse en un proceso internacional hacia la abolici\u00f3n universal de la maternidad subrogada.<\/li>\n<\/ul>\n<p>Siga los avances de la Declaraci\u00f3n de Casablanca para la abolici\u00f3n universal de la maternidad subrogada en :<\/p>\n\t\t\t\t\t\t\t\t<\/div>\n\t\t\t\t<\/div>\n\t\t\t\t<div class=\"elementor-element elementor-element-1d85f1d elementor-shape-circle e-grid-align-left elementor-grid-0 elementor-widget elementor-widget-social-icons\" data-id=\"1d85f1d\" data-element_type=\"widget\" data-e-type=\"widget\" data-widget_type=\"social-icons.default\">\n\t\t\t\t<div class=\"elementor-widget-container\">\n\t\t\t\t\t\t\t<div class=\"elementor-social-icons-wrapper elementor-grid\" role=\"list\">\n\t\t\t\t\t\t\t<span class=\"elementor-grid-item\" role=\"listitem\">\n\t\t\t\t\t<a class=\"elementor-icon elementor-social-icon elementor-social-icon-facebook elementor-repeater-item-1385b9f\" href=\"https:\/\/www.facebook.com\/AbolitionGPA\" target=\"_blank\">\n\t\t\t\t\t\t<span class=\"elementor-screen-only\">Facebook<\/span>\n\t\t\t\t\t\t<svg aria-hidden=\"true\" class=\"e-font-icon-svg e-fab-facebook\" viewBox=\"0 0 512 512\" xmlns=\"http:\/\/www.w3.org\/2000\/svg\"><path d=\"M504 256C504 119 393 8 256 8S8 119 8 256c0 123.78 90.69 226.38 209.25 245V327.69h-63V256h63v-54.64c0-62.15 37-96.48 93.67-96.48 27.14 0 55.52 4.84 55.52 4.84v61h-31.28c-30.8 0-40.41 19.12-40.41 38.73V256h68.78l-11 71.69h-57.78V501C413.31 482.38 504 379.78 504 256z\"><\/path><\/svg>\t\t\t\t\t<\/a>\n\t\t\t\t<\/span>\n\t\t\t\t\t\t\t<span class=\"elementor-grid-item\" role=\"listitem\">\n\t\t\t\t\t<a class=\"elementor-icon elementor-social-icon elementor-social-icon-twitter elementor-repeater-item-40d920c\" href=\"https:\/\/twitter.com\/CasaDeclaration\" target=\"_blank\">\n\t\t\t\t\t\t<span class=\"elementor-screen-only\">Twitter<\/span>\n\t\t\t\t\t\t<svg aria-hidden=\"true\" class=\"e-font-icon-svg e-fab-twitter\" viewBox=\"0 0 512 512\" xmlns=\"http:\/\/www.w3.org\/2000\/svg\"><path d=\"M459.37 151.716c.325 4.548.325 9.097.325 13.645 0 138.72-105.583 298.558-298.558 298.558-59.452 0-114.68-17.219-161.137-47.106 8.447.974 16.568 1.299 25.34 1.299 49.055 0 94.213-16.568 130.274-44.832-46.132-.975-84.792-31.188-98.112-72.772 6.498.974 12.995 1.624 19.818 1.624 9.421 0 18.843-1.3 27.614-3.573-48.081-9.747-84.143-51.98-84.143-102.985v-1.299c13.969 7.797 30.214 12.67 47.431 13.319-28.264-18.843-46.781-51.005-46.781-87.391 0-19.492 5.197-37.36 14.294-52.954 51.655 63.675 129.3 105.258 216.365 109.807-1.624-7.797-2.599-15.918-2.599-24.04 0-57.828 46.782-104.934 104.934-104.934 30.213 0 57.502 12.67 76.67 33.137 23.715-4.548 46.456-13.32 66.599-25.34-7.798 24.366-24.366 44.833-46.132 57.827 21.117-2.273 41.584-8.122 60.426-16.243-14.292 20.791-32.161 39.308-52.628 54.253z\"><\/path><\/svg>\t\t\t\t\t<\/a>\n\t\t\t\t<\/span>\n\t\t\t\t\t<\/div>\n\t\t\t\t\t\t<\/div>\n\t\t\t\t<\/div>\n\t\t\t\t\t<\/div>\n\t\t\t\t<\/div>\n\t\t\t\t<\/div>\n\t\t","protected":false},"excerpt":{"rendered":"<p>Declaraci\u00f3n G\u00e9nesis El 3 de marzo de 2023, en Casablanca (Marruecos), se present\u00f3 al p\u00fablico la Declaraci\u00f3n de Casablanca, firmada por 100 expertos de 75 nacionalidades, en la que se pide a los Estados que se comprometan a la abolici\u00f3n universal de la maternidad subrogada. La Declaraci\u00f3n de Casablanca tiene sus ra\u00edces en un grupo [&hellip;]<\/p>\n","protected":false},"author":4,"featured_media":0,"parent":0,"menu_order":0,"comment_status":"closed","ping_status":"closed","template":"elementor_header_footer","meta":{"_seopress_robots_primary_cat":"","_seopress_titles_title":"","_seopress_titles_desc":"","_seopress_robots_index":"","footnotes":""},"class_list":["post-1479","page","type-page","status-publish","hentry"],"_links":{"self":[{"href":"https:\/\/declaration-surrogacy-casablanca.org\/es\/wp-json\/wp\/v2\/pages\/1479","targetHints":{"allow":["GET"]}}],"collection":[{"href":"https:\/\/declaration-surrogacy-casablanca.org\/es\/wp-json\/wp\/v2\/pages"}],"about":[{"href":"https:\/\/declaration-surrogacy-casablanca.org\/es\/wp-json\/wp\/v2\/types\/page"}],"author":[{"embeddable":true,"href":"https:\/\/declaration-surrogacy-casablanca.org\/es\/wp-json\/wp\/v2\/users\/4"}],"replies":[{"embeddable":true,"href":"https:\/\/declaration-surrogacy-casablanca.org\/es\/wp-json\/wp\/v2\/comments?post=1479"}],"version-history":[{"count":0,"href":"https:\/\/declaration-surrogacy-casablanca.org\/es\/wp-json\/wp\/v2\/pages\/1479\/revisions"}],"wp:attachment":[{"href":"https:\/\/declaration-surrogacy-casablanca.org\/es\/wp-json\/wp\/v2\/media?parent=1479"}],"curies":[{"name":"wp","href":"https:\/\/api.w.org\/{rel}","templated":true}]}}