{"id":1481,"date":"2024-03-11T15:17:19","date_gmt":"2024-03-11T14:17:19","guid":{"rendered":"https:\/\/declaration-surrogacy-casablanca.org\/?page_id=1481"},"modified":"2024-04-17T21:05:22","modified_gmt":"2024-04-17T19:05:22","slug":"roma-2024","status":"publish","type":"page","link":"https:\/\/declaration-surrogacy-casablanca.org\/es\/roma-2024\/","title":{"rendered":"Roma 2024"},"content":{"rendered":"\t\t<div data-elementor-type=\"wp-page\" data-elementor-id=\"1481\" class=\"elementor elementor-1481 elementor-966\" data-elementor-post-type=\"page\">\n\t\t\t\t<div class=\"elementor-element elementor-element-bee2bc1 e-flex e-con-boxed e-con e-parent\" data-id=\"bee2bc1\" data-element_type=\"container\" data-e-type=\"container\" data-settings=\"{&quot;background_background&quot;:&quot;classic&quot;}\">\n\t\t\t\t\t<div class=\"e-con-inner\">\n\t\t\t\t<div class=\"elementor-element elementor-element-a7f4d9a elementor-widget elementor-widget-heading\" data-id=\"a7f4d9a\" data-element_type=\"widget\" data-e-type=\"widget\" data-widget_type=\"heading.default\">\n\t\t\t\t<div class=\"elementor-widget-container\">\n\t\t\t\t\t<h1 class=\"elementor-heading-title elementor-size-default\">Roma 2024<\/h1>\t\t\t\t<\/div>\n\t\t\t\t<\/div>\n\t\t\t\t\t<\/div>\n\t\t\t\t<\/div>\n\t\t<div class=\"elementor-element elementor-element-c1282bd e-flex e-con-boxed e-con e-parent\" data-id=\"c1282bd\" data-element_type=\"container\" data-e-type=\"container\">\n\t\t\t\t\t<div class=\"e-con-inner\">\n\t\t\t\t<div class=\"elementor-element elementor-element-8583039 elementor-widget__width-inherit elementor-widget elementor-widget-image\" data-id=\"8583039\" data-element_type=\"widget\" data-e-type=\"widget\" data-widget_type=\"image.default\">\n\t\t\t\t<div class=\"elementor-widget-container\">\n\t\t\t\t\t\t\t\t\t\t\t\t\t\t\t<img fetchpriority=\"high\" decoding=\"async\" width=\"768\" height=\"374\" src=\"https:\/\/declaration-surrogacy-casablanca.org\/wp-content\/uploads\/2024\/01\/Rome-flamme-V2-768x374.png\" class=\"attachment-medium_large size-medium_large wp-image-1438\" alt=\"\" srcset=\"https:\/\/declaration-surrogacy-casablanca.org\/wp-content\/uploads\/2024\/01\/Rome-flamme-V2-768x374.png 768w, https:\/\/declaration-surrogacy-casablanca.org\/wp-content\/uploads\/2024\/01\/Rome-flamme-V2-300x146.png 300w, https:\/\/declaration-surrogacy-casablanca.org\/wp-content\/uploads\/2024\/01\/Rome-flamme-V2-1024x499.png 1024w, https:\/\/declaration-surrogacy-casablanca.org\/wp-content\/uploads\/2024\/01\/Rome-flamme-V2.png 1194w\" sizes=\"(max-width: 768px) 100vw, 768px\" \/>\t\t\t\t\t\t\t\t\t\t\t\t\t\t\t<\/div>\n\t\t\t\t<\/div>\n\t\t\t\t<div class=\"elementor-element elementor-element-c4db8f0 elementor-widget__width-inherit elementor-widget elementor-widget-text-editor\" data-id=\"c4db8f0\" data-element_type=\"widget\" data-e-type=\"widget\" data-widget_type=\"text-editor.default\">\n\t\t\t\t<div class=\"elementor-widget-container\">\n\t\t\t\t\t\t\t\t\t<p>Aunque pocos pa\u00edses del mundo han legalizado la maternidad subrogada, todos est\u00e1n preocupados porque se pide a las mujeres que sean madres de alquiler o porque sus nacionales viajan al extranjero para tener un hijo mediante gestaci\u00f3n subrogada. <\/p>\n<p>Ante este desaf\u00edo mundial, la Declaraci\u00f3n de Casablanca de 3 de marzo de 2023, firmada por 100 expertos de 75 nacionalidades, pide a los gobiernos que vayan m\u00e1s all\u00e1 de la resignaci\u00f3n y condenen la maternidad subrogada y tomen medidas concretas para poner fin a este comercio. <\/p>\n<p>La Declaraci\u00f3n propone que los Estados se comprometan con un Convenio internacional para promover un contexto mundial de rechazo de la maternidad subrogada, lo que probablemente atraer\u00e1 a muchos pa\u00edses a esta estela virtuosa. <\/p>\n<p>Italia, con la actual adopci\u00f3n de una ley que penaliza el recurso a la maternidad subrogada, incluso fuera del territorio italiano, est\u00e1 mostrando el camino a otros pa\u00edses y podr\u00eda desempe\u00f1ar un papel en la escena internacional con vistas a un convenio internacional para la prohibici\u00f3n mundial de la maternidad subrogada.<\/p>\n\t\t\t\t\t\t\t\t<\/div>\n\t\t\t\t<\/div>\n\t\t\t\t<div class=\"elementor-element elementor-element-390cf39 elementor-widget__width-inherit elementor-widget elementor-widget-text-editor\" data-id=\"390cf39\" data-element_type=\"widget\" data-e-type=\"widget\" data-widget_type=\"text-editor.default\">\n\t\t\t\t<div class=\"elementor-widget-container\">\n\t\t\t\t\t\t\t\t\t<p>Por ello, los d\u00edas 5 y 6 de abril se celebr\u00f3 en Roma la Conferencia Internacional para la Abolici\u00f3n Universal de la Gestaci\u00f3n Subrogada, con intervenciones de :<\/p>\n<ul>\n<li>Reem ALSALEM, Relatora Especial de la ONU sobre la violencia contra las mujeres y las ni\u00f1as<\/li>\n<li>Velina TODOROVA, miembro del Comit\u00e9 de los Derechos del Ni\u00f1o de la ONU<\/li>\n<li>Eugenia ROCCELLA, Ministra italiana de la Familia<\/li>\n<li>Olivia MAUREL, nacida en GPA y portavoz de la Declaraci\u00f3n de Casablanca.<\/li>\n<\/ul>\n<p> Especialistas de los 5 continentes aportar\u00e1n su experiencia con un doble objetivo : <\/p>\n<ul>\n<li>Informar a los responsables p\u00fablicos de los efectos nocivos de la maternidad subrogada<\/li>\n<li>Proporcionar una caja de herramientas jur\u00eddicas a los Estados que deseen defender a sus poblaciones contra este mercado. <\/li>\n<\/ul>\n<p>La Conferencia Internacional de Roma pretende ser un paso decisivo para apoyar y fomentar iniciativas nacionales e internacionales que conduzcan a la adopci\u00f3n de un tratado internacional. <\/p>\t\t\t\t\t\t\t\t<\/div>\n\t\t\t\t<\/div>\n\t\t\t\t<div class=\"elementor-element elementor-element-50f1b62 elementor-align-center elementor-widget__width-initial elementor-widget elementor-widget-button\" data-id=\"50f1b62\" data-element_type=\"widget\" data-e-type=\"widget\" data-widget_type=\"button.default\">\n\t\t\t\t<div class=\"elementor-widget-container\">\n\t\t\t\t\t\t\t\t\t<div class=\"elementor-button-wrapper\">\n\t\t\t\t\t<a class=\"elementor-button elementor-button-link elementor-size-sm\" href=\"https:\/\/declaration-surrogacy-casablanca.org\/wp-content\/uploads\/2024\/04\/programme-rome-en.pdf\" target=\"_blank\">\n\t\t\t\t\t\t<span class=\"elementor-button-content-wrapper\">\n\t\t\t\t\t\t\t\t\t<span class=\"elementor-button-text\">Programar<\/span>\n\t\t\t\t\t<\/span>\n\t\t\t\t\t<\/a>\n\t\t\t\t<\/div>\n\t\t\t\t\t\t\t\t<\/div>\n\t\t\t\t<\/div>\n\t\t\t\t<div class=\"elementor-element elementor-element-c720ad5 elementor-align-center elementor-widget__width-initial elementor-widget elementor-widget-button\" data-id=\"c720ad5\" data-element_type=\"widget\" data-e-type=\"widget\" data-widget_type=\"button.default\">\n\t\t\t\t<div class=\"elementor-widget-container\">\n\t\t\t\t\t\t\t\t\t<div class=\"elementor-button-wrapper\">\n\t\t\t\t\t<a class=\"elementor-button elementor-button-link elementor-size-sm\" href=\"https:\/\/declaration-surrogacy-casablanca.org\/wp-content\/uploads\/2024\/03\/press-kit-rome-conference-eng-1.pdf\" target=\"_blank\">\n\t\t\t\t\t\t<span class=\"elementor-button-content-wrapper\">\n\t\t\t\t\t\t\t\t\t<span class=\"elementor-button-text\">Dossier de prensa <\/span>\n\t\t\t\t\t<\/span>\n\t\t\t\t\t<\/a>\n\t\t\t\t<\/div>\n\t\t\t\t\t\t\t\t<\/div>\n\t\t\t\t<\/div>\n\t\t\t\t\t<\/div>\n\t\t\t\t<\/div>\n\t\t\t\t<\/div>\n\t\t","protected":false},"excerpt":{"rendered":"<p>Roma 2024 Aunque pocos pa\u00edses del mundo han legalizado la maternidad subrogada, todos est\u00e1n preocupados porque se pide a las mujeres que sean madres de alquiler o porque sus nacionales viajan al extranjero para tener un hijo mediante gestaci\u00f3n subrogada. Ante este desaf\u00edo mundial, la Declaraci\u00f3n de Casablanca de 3 de marzo de 2023, firmada [&hellip;]<\/p>\n","protected":false},"author":4,"featured_media":0,"parent":0,"menu_order":0,"comment_status":"closed","ping_status":"closed","template":"elementor_header_footer","meta":{"_seopress_robots_primary_cat":"","_seopress_titles_title":"","_seopress_titles_desc":"","_seopress_robots_index":"","footnotes":""},"class_list":["post-1481","page","type-page","status-publish","hentry"],"_links":{"self":[{"href":"https:\/\/declaration-surrogacy-casablanca.org\/es\/wp-json\/wp\/v2\/pages\/1481","targetHints":{"allow":["GET"]}}],"collection":[{"href":"https:\/\/declaration-surrogacy-casablanca.org\/es\/wp-json\/wp\/v2\/pages"}],"about":[{"href":"https:\/\/declaration-surrogacy-casablanca.org\/es\/wp-json\/wp\/v2\/types\/page"}],"author":[{"embeddable":true,"href":"https:\/\/declaration-surrogacy-casablanca.org\/es\/wp-json\/wp\/v2\/users\/4"}],"replies":[{"embeddable":true,"href":"https:\/\/declaration-surrogacy-casablanca.org\/es\/wp-json\/wp\/v2\/comments?post=1481"}],"version-history":[{"count":0,"href":"https:\/\/declaration-surrogacy-casablanca.org\/es\/wp-json\/wp\/v2\/pages\/1481\/revisions"}],"wp:attachment":[{"href":"https:\/\/declaration-surrogacy-casablanca.org\/es\/wp-json\/wp\/v2\/media?parent=1481"}],"curies":[{"name":"wp","href":"https:\/\/api.w.org\/{rel}","templated":true}]}}