{"id":1483,"date":"2024-03-11T15:18:05","date_gmt":"2024-03-11T14:18:05","guid":{"rendered":"https:\/\/declaration-surrogacy-casablanca.org\/?page_id=1483"},"modified":"2024-06-30T13:54:36","modified_gmt":"2024-06-30T11:54:36","slug":"casablanca-2023","status":"publish","type":"page","link":"https:\/\/declaration-surrogacy-casablanca.org\/es\/casablanca-2023\/","title":{"rendered":"Casablanca 2023"},"content":{"rendered":"\t\t<div data-elementor-type=\"wp-page\" data-elementor-id=\"1483\" class=\"elementor elementor-1483 elementor-884\" data-elementor-post-type=\"page\">\n\t\t\t\t<div class=\"elementor-element elementor-element-1c2a1b0 e-flex e-con-boxed e-con e-parent\" data-id=\"1c2a1b0\" data-element_type=\"container\" data-e-type=\"container\" data-settings=\"{&quot;background_background&quot;:&quot;classic&quot;}\">\n\t\t\t\t\t<div class=\"e-con-inner\">\n\t\t\t\t<div class=\"elementor-element elementor-element-84bf039 elementor-widget elementor-widget-heading\" data-id=\"84bf039\" data-element_type=\"widget\" data-e-type=\"widget\" data-widget_type=\"heading.default\">\n\t\t\t\t<div class=\"elementor-widget-container\">\n\t\t\t\t\t<h1 class=\"elementor-heading-title elementor-size-default\">Casablanca 2023<\/h1>\t\t\t\t<\/div>\n\t\t\t\t<\/div>\n\t\t\t\t<div class=\"elementor-element elementor-element-39520c3 elementor-widget elementor-widget-text-editor\" data-id=\"39520c3\" data-element_type=\"widget\" data-e-type=\"widget\" data-widget_type=\"text-editor.default\">\n\t\t\t\t<div class=\"elementor-widget-container\">\n\t\t\t\t\t\t\t\t\t<p>La Declaraci\u00f3n y la propuesta de Convenio internacional se har\u00e1n p\u00fablicas durante un seminario de expertos el 3 de marzo.<\/p>\n\t\t\t\t\t\t\t\t<\/div>\n\t\t\t\t<\/div>\n\t\t\t\t\t<\/div>\n\t\t\t\t<\/div>\n\t\t<div class=\"elementor-element elementor-element-0280850 e-flex e-con-boxed e-con e-parent\" data-id=\"0280850\" data-element_type=\"container\" data-e-type=\"container\">\n\t\t\t\t\t<div class=\"e-con-inner\">\n\t\t<div class=\"elementor-element elementor-element-be3a656 e-con-full e-flex e-con e-child\" data-id=\"be3a656\" data-element_type=\"container\" data-e-type=\"container\">\n\t\t\t\t<div class=\"elementor-element elementor-element-81d14e8 elementor-widget elementor-widget-heading\" data-id=\"81d14e8\" data-element_type=\"widget\" data-e-type=\"widget\" data-widget_type=\"heading.default\">\n\t\t\t\t<div class=\"elementor-widget-container\">\n\t\t\t\t\t<h2 class=\"elementor-heading-title elementor-size-default\"><a href=\"https:\/\/www.youtube.com\/playlist?list=PLA_R2_HijHeyi8ltONzt9WuG3iu4BUg5A\">Vea los discursos del seminario del 3 de marzo de 2023 en YouTube<\/a><\/h2>\t\t\t\t<\/div>\n\t\t\t\t<\/div>\n\t\t\t\t<div class=\"elementor-element elementor-element-7ae4af3 elementor-shape-circle elementor-grid-0 e-grid-align-center elementor-widget elementor-widget-social-icons\" data-id=\"7ae4af3\" data-element_type=\"widget\" data-e-type=\"widget\" data-widget_type=\"social-icons.default\">\n\t\t\t\t<div class=\"elementor-widget-container\">\n\t\t\t\t\t\t\t<div class=\"elementor-social-icons-wrapper elementor-grid\">\n\t\t\t\t\t\t\t<span class=\"elementor-grid-item\">\n\t\t\t\t\t<a class=\"elementor-icon elementor-social-icon elementor-social-icon-youtube elementor-repeater-item-6fdb8e4\" href=\"https:\/\/www.youtube.com\/channel\/UCujYaWBqXY0HzE7Z9OyexFw\" target=\"_blank\">\n\t\t\t\t\t\t<span class=\"elementor-screen-only\">Youtube<\/span>\n\t\t\t\t\t\t<svg aria-hidden=\"true\" class=\"e-font-icon-svg e-fab-youtube\" viewBox=\"0 0 576 512\" xmlns=\"http:\/\/www.w3.org\/2000\/svg\"><path d=\"M549.655 124.083c-6.281-23.65-24.787-42.276-48.284-48.597C458.781 64 288 64 288 64S117.22 64 74.629 75.486c-23.497 6.322-42.003 24.947-48.284 48.597-11.412 42.867-11.412 132.305-11.412 132.305s0 89.438 11.412 132.305c6.281 23.65 24.787 41.5 48.284 47.821C117.22 448 288 448 288 448s170.78 0 213.371-11.486c23.497-6.321 42.003-24.171 48.284-47.821 11.412-42.867 11.412-132.305 11.412-132.305s0-89.438-11.412-132.305zm-317.51 213.508V175.185l142.739 81.205-142.739 81.201z\"><\/path><\/svg>\t\t\t\t\t<\/a>\n\t\t\t\t<\/span>\n\t\t\t\t\t<\/div>\n\t\t\t\t\t\t<\/div>\n\t\t\t\t<\/div>\n\t\t\t\t<div class=\"elementor-element elementor-element-df80e28 elementor-widget elementor-widget-gallery\" data-id=\"df80e28\" data-element_type=\"widget\" data-e-type=\"widget\" data-settings=\"{&quot;gallery_layout&quot;:&quot;masonry&quot;,&quot;columns&quot;:2,&quot;lazyload&quot;:&quot;yes&quot;,&quot;columns_tablet&quot;:2,&quot;columns_mobile&quot;:1,&quot;gap&quot;:{&quot;unit&quot;:&quot;px&quot;,&quot;size&quot;:10,&quot;sizes&quot;:[]},&quot;gap_tablet&quot;:{&quot;unit&quot;:&quot;px&quot;,&quot;size&quot;:10,&quot;sizes&quot;:[]},&quot;gap_mobile&quot;:{&quot;unit&quot;:&quot;px&quot;,&quot;size&quot;:10,&quot;sizes&quot;:[]},&quot;link_to&quot;:&quot;file&quot;,&quot;content_hover_animation&quot;:&quot;fade-in&quot;}\" data-widget_type=\"gallery.default\">\n\t\t\t\t<div class=\"elementor-widget-container\">\n\t\t\t\t\t\t\t<div class=\"elementor-gallery__container\">\n\t\t\t\t\t\t\t<a class=\"e-gallery-item elementor-gallery-item elementor-animated-content\" href=\"https:\/\/declaration-surrogacy-casablanca.org\/wp-content\/uploads\/2023\/02\/Seminar-Casablanca-program-scaled.jpg\" data-elementor-open-lightbox=\"yes\" data-elementor-lightbox-slideshow=\"df80e28\" data-elementor-lightbox-title=\"doc\" data-e-action-hash=\"#elementor-action%3Aaction%3Dlightbox%26settings%3DeyJpZCI6MzMwLCJ1cmwiOiJodHRwczpcL1wvZGVjbGFyYXRpb24tc3Vycm9nYWN5LWNhc2FibGFuY2Eub3JnXC93cC1jb250ZW50XC91cGxvYWRzXC8yMDIzXC8wMlwvU2VtaW5hci1DYXNhYmxhbmNhLXByb2dyYW0tc2NhbGVkLmpwZyIsInNsaWRlc2hvdyI6ImRmODBlMjgifQ%3D%3D\">\n\t\t\t\t\t<div class=\"e-gallery-image elementor-gallery-item__image\" data-thumbnail=\"https:\/\/declaration-surrogacy-casablanca.org\/wp-content\/uploads\/2023\/02\/Seminar-Casablanca-program-1024x724.jpg\" data-width=\"800\" data-height=\"566\" aria-label=\"\" role=\"img\" ><\/div>\n\t\t\t\t\t\t\t\t\t\t\t\t\t\t<\/a>\n\t\t\t\t\t\t\t<a class=\"e-gallery-item elementor-gallery-item elementor-animated-content\" href=\"https:\/\/declaration-surrogacy-casablanca.org\/wp-content\/uploads\/2023\/02\/List-of-speakers-1.png\" data-elementor-open-lightbox=\"yes\" data-elementor-lightbox-slideshow=\"df80e28\" data-elementor-lightbox-title=\"List-of-speakers-1\" data-e-action-hash=\"#elementor-action%3Aaction%3Dlightbox%26settings%3DeyJpZCI6MzI2LCJ1cmwiOiJodHRwczpcL1wvZGVjbGFyYXRpb24tc3Vycm9nYWN5LWNhc2FibGFuY2Eub3JnXC93cC1jb250ZW50XC91cGxvYWRzXC8yMDIzXC8wMlwvTGlzdC1vZi1zcGVha2Vycy0xLnBuZyIsInNsaWRlc2hvdyI6ImRmODBlMjgifQ%3D%3D\">\n\t\t\t\t\t<div class=\"e-gallery-image elementor-gallery-item__image\" data-thumbnail=\"https:\/\/declaration-surrogacy-casablanca.org\/wp-content\/uploads\/2023\/02\/List-of-speakers-1-706x1024.png\" data-width=\"706\" data-height=\"1024\" aria-label=\"\" role=\"img\" ><\/div>\n\t\t\t\t\t\t\t\t\t\t\t\t\t\t<\/a>\n\t\t\t\t\t\t\t<a class=\"e-gallery-item elementor-gallery-item elementor-animated-content\" href=\"https:\/\/declaration-surrogacy-casablanca.org\/wp-content\/uploads\/2023\/02\/List-of-speakers-2.png\" data-elementor-open-lightbox=\"yes\" data-elementor-lightbox-slideshow=\"df80e28\" data-elementor-lightbox-title=\"List-of-speakers-2\" data-e-action-hash=\"#elementor-action%3Aaction%3Dlightbox%26settings%3DeyJpZCI6MzI3LCJ1cmwiOiJodHRwczpcL1wvZGVjbGFyYXRpb24tc3Vycm9nYWN5LWNhc2FibGFuY2Eub3JnXC93cC1jb250ZW50XC91cGxvYWRzXC8yMDIzXC8wMlwvTGlzdC1vZi1zcGVha2Vycy0yLnBuZyIsInNsaWRlc2hvdyI6ImRmODBlMjgifQ%3D%3D\">\n\t\t\t\t\t<div class=\"e-gallery-image elementor-gallery-item__image\" data-thumbnail=\"https:\/\/declaration-surrogacy-casablanca.org\/wp-content\/uploads\/2023\/02\/List-of-speakers-2-772x1024.png\" data-width=\"772\" data-height=\"1024\" aria-label=\"\" role=\"img\" ><\/div>\n\t\t\t\t\t\t\t\t\t\t\t\t\t\t<\/a>\n\t\t\t\t\t<\/div>\n\t\t\t\t\t<\/div>\n\t\t\t\t<\/div>\n\t\t\t\t<\/div>\n\t\t\t\t\t<\/div>\n\t\t\t\t<\/div>\n\t\t\t\t<\/div>\n\t\t","protected":false},"excerpt":{"rendered":"<p>Casablanca 2023 La Declaraci\u00f3n y la propuesta de Convenio internacional se har\u00e1n p\u00fablicas durante un seminario de expertos el 3 de marzo. Vea los discursos del seminario del 3 de marzo de 2023 en YouTube Youtube<\/p>\n","protected":false},"author":4,"featured_media":0,"parent":0,"menu_order":0,"comment_status":"closed","ping_status":"closed","template":"elementor_header_footer","meta":{"_seopress_robots_primary_cat":"","_seopress_titles_title":"","_seopress_titles_desc":"","_seopress_robots_index":"","footnotes":""},"class_list":["post-1483","page","type-page","status-publish","hentry"],"_links":{"self":[{"href":"https:\/\/declaration-surrogacy-casablanca.org\/es\/wp-json\/wp\/v2\/pages\/1483","targetHints":{"allow":["GET"]}}],"collection":[{"href":"https:\/\/declaration-surrogacy-casablanca.org\/es\/wp-json\/wp\/v2\/pages"}],"about":[{"href":"https:\/\/declaration-surrogacy-casablanca.org\/es\/wp-json\/wp\/v2\/types\/page"}],"author":[{"embeddable":true,"href":"https:\/\/declaration-surrogacy-casablanca.org\/es\/wp-json\/wp\/v2\/users\/4"}],"replies":[{"embeddable":true,"href":"https:\/\/declaration-surrogacy-casablanca.org\/es\/wp-json\/wp\/v2\/comments?post=1483"}],"version-history":[{"count":0,"href":"https:\/\/declaration-surrogacy-casablanca.org\/es\/wp-json\/wp\/v2\/pages\/1483\/revisions"}],"wp:attachment":[{"href":"https:\/\/declaration-surrogacy-casablanca.org\/es\/wp-json\/wp\/v2\/media?parent=1483"}],"curies":[{"name":"wp","href":"https:\/\/api.w.org\/{rel}","templated":true}]}}