{"id":1873,"date":"2022-09-26T11:01:43","date_gmt":"2022-09-26T09:01:43","guid":{"rendered":"https:\/\/declaration-surrogacy-casablanca.org\/informacion-juridica\/"},"modified":"2024-03-11T16:22:23","modified_gmt":"2024-03-11T15:22:23","slug":"informacion-juridica","status":"publish","type":"page","link":"https:\/\/declaration-surrogacy-casablanca.org\/es\/informacion-juridica\/","title":{"rendered":"Informaci\u00f3n jur\u00eddica"},"content":{"rendered":"\t\t<div data-elementor-type=\"wp-page\" data-elementor-id=\"1873\" class=\"elementor elementor-1873 elementor-136\" data-elementor-post-type=\"page\">\n\t\t\t\t<div class=\"elementor-element elementor-element-e652f8a e-flex e-con-boxed e-con e-parent\" data-id=\"e652f8a\" data-element_type=\"container\" data-e-type=\"container\" data-settings=\"{&quot;background_background&quot;:&quot;classic&quot;}\">\n\t\t\t\t\t<div class=\"e-con-inner\">\n\t\t\t\t<div class=\"elementor-element elementor-element-69de303 elementor-widget elementor-widget-heading\" data-id=\"69de303\" data-element_type=\"widget\" data-e-type=\"widget\" data-widget_type=\"heading.default\">\n\t\t\t\t<div class=\"elementor-widget-container\">\n\t\t\t\t\t<h1 class=\"elementor-heading-title elementor-size-default\">Informaci\u00f3n jur\u00eddica<\/h1>\t\t\t\t<\/div>\n\t\t\t\t<\/div>\n\t\t\t\t\t<\/div>\n\t\t\t\t<\/div>\n\t\t<div class=\"elementor-element elementor-element-29d70233 e-flex e-con-boxed e-con e-parent\" data-id=\"29d70233\" data-element_type=\"container\" data-e-type=\"container\">\n\t\t\t\t\t<div class=\"e-con-inner\">\n\t\t\t\t<div class=\"elementor-element elementor-element-5b5ddfb1 elementor-widget elementor-widget-text-editor\" data-id=\"5b5ddfb1\" data-element_type=\"widget\" data-e-type=\"widget\" data-widget_type=\"text-editor.default\">\n\t\t\t\t<div class=\"elementor-widget-container\">\n\t\t\t\t\t\t\t\t\t\n<p class=\"has-text-align-center\"><br>En vigor el 30\/12\/2019<\/p>\n\n\n\n<p>De conformidad con lo dispuesto en los art\u00edculos 6-III y 19 de la Ley n\u00ba 2004-575 de 21 de junio de 2004 sobre la confianza en la econom\u00eda digital, conocida como L.C.E.N., se informa a los usuarios del sitio web <a href=\"http:\/\/declaration-surrogacy-casablanca.org\/\">www.declaration-surrogacy-casablanca.org<\/a> del presente aviso legal.<br>La conexi\u00f3n y navegaci\u00f3n por el sitio web www.declaration-surrogacy-casablanca.org por parte del Usuario, tambi\u00e9n denominado Visitante, implica la aceptaci\u00f3n plena y sin reservas del presente aviso legal.<br>Est\u00e1n disponibles en la secci\u00f3n \u00abInformaci\u00f3n jur\u00eddica\u00bb del sitio web.<\/p>\n\n\n\n<p><strong>ART\u00cdCULO 1: El editor<\/strong><br>El sitio web www.declaration-surrogacy-casablanca.org est\u00e1 editado por la Association Loi 1901 Juristes Pour l&#8217;Enfance, con domicilio social en 23 rue Royale 69001 LYON, direcci\u00f3n de correo electr\u00f3nico: contact@juristespourlenfance.com.<\/p>\n\n\n\n<p>La Directora de Publicaciones es la Sra. Aude Mirkovic.<\/p>\n\n\n\n<p><strong>ART\u00cdCULO 2 : El Anfitri\u00f3n<\/strong><\/p>\n\n\n\n<p>El anfitri\u00f3n del sitio web www.declaration-surrogacy-casablanca.org es OVH, con domicilio social en 2 rue Kellermann &#8211; 59100 Roubaix &#8211; Francia.<\/p>\n\n\n\n<p><strong>ART\u00cdCULO 3: Acceso al recinto<\/strong><\/p>\n\n\n\n<p>El sitio es accesible desde cualquier lugar, 7 d\u00edas a la semana, 24 horas al d\u00eda, salvo en casos de fuerza mayor, interrupciones programadas o no programadas que puedan derivarse de necesidades de mantenimiento.<br>El sitio web www.declaration-surrogacy-casablanca.org no se hace responsable de ninguna modificaci\u00f3n, interrupci\u00f3n o suspensi\u00f3n de los servicios.<\/p>\n\n\n\n<p><strong>ART\u00cdCULO 4: Datos personales<\/strong><\/p>\n\n\n\n<p>En general, el sitio puede visitarse en Internet sin que los visitantes tengan que identificarse ni facilitar datos personales.<\/p>\n\n\n\n<p>Sin embargo, estos datos pueden ser necesarios para determinadas tareas. No obstante, los usuarios pueden solicitar la eliminaci\u00f3n de sus datos personales enviando un correo electr\u00f3nico a <a href=\"mailto:contact@juristespourlenfance.com\">contact@juristespourlenfance.com.<\/a><\/p>\n\n\n\n<p><strong>ART\u00cdCULO 5 : Cookies<\/strong><\/p>\n\n\n\n<p>Se informa a los usuarios de que, cuando visitan el sitio, puede instalarse autom\u00e1ticamente una cookie en su navegador.<br>Al navegar por el sitio, usted las acepta.<br>Una cookie es un elemento que no permite identificar al visitante, pero que se utiliza para registrar informaci\u00f3n relativa a su navegaci\u00f3n por el sitio web. Los visitantes pueden desactivar o eliminar esta cookie mediante la configuraci\u00f3n de su navegador.<\/p>\n\n\n\n<p><strong>ART\u00cdCULO 6: Propiedad intelectual<\/strong><\/p>\n\n\n\n<p>Cualquier uso, reproducci\u00f3n, distribuci\u00f3n, comercializaci\u00f3n o modificaci\u00f3n de la totalidad o parte del sitio web www.declaration-surrogacy-casablanca.org sin la autorizaci\u00f3n del Editor est\u00e1 prohibido y puede dar lugar a las acciones legales previstas en el C\u00f3digo de la Propiedad Intelectual y el C\u00f3digo Civil franceses.<\/p>\n\t\t\t\t\t\t\t\t<\/div>\n\t\t\t\t<\/div>\n\t\t\t\t\t<\/div>\n\t\t\t\t<\/div>\n\t\t\t\t<\/div>\n\t\t","protected":false},"excerpt":{"rendered":"<p>Informaci\u00f3n jur\u00eddica En vigor el 30\/12\/2019 De conformidad con lo dispuesto en los art\u00edculos 6-III y 19 de la Ley n\u00ba 2004-575 de 21 de junio de 2004 sobre la confianza en la econom\u00eda digital, conocida como L.C.E.N., se informa a los usuarios del sitio web www.declaration-surrogacy-casablanca.org del presente aviso legal.La conexi\u00f3n y navegaci\u00f3n por [&hellip;]<\/p>\n","protected":false},"author":1,"featured_media":0,"parent":0,"menu_order":0,"comment_status":"closed","ping_status":"closed","template":"elementor_header_footer","meta":{"_seopress_robots_primary_cat":"","_seopress_titles_title":"","_seopress_titles_desc":"","_seopress_robots_index":"","footnotes":""},"class_list":["post-1873","page","type-page","status-publish","hentry"],"_links":{"self":[{"href":"https:\/\/declaration-surrogacy-casablanca.org\/es\/wp-json\/wp\/v2\/pages\/1873","targetHints":{"allow":["GET"]}}],"collection":[{"href":"https:\/\/declaration-surrogacy-casablanca.org\/es\/wp-json\/wp\/v2\/pages"}],"about":[{"href":"https:\/\/declaration-surrogacy-casablanca.org\/es\/wp-json\/wp\/v2\/types\/page"}],"author":[{"embeddable":true,"href":"https:\/\/declaration-surrogacy-casablanca.org\/es\/wp-json\/wp\/v2\/users\/1"}],"replies":[{"embeddable":true,"href":"https:\/\/declaration-surrogacy-casablanca.org\/es\/wp-json\/wp\/v2\/comments?post=1873"}],"version-history":[{"count":0,"href":"https:\/\/declaration-surrogacy-casablanca.org\/es\/wp-json\/wp\/v2\/pages\/1873\/revisions"}],"wp:attachment":[{"href":"https:\/\/declaration-surrogacy-casablanca.org\/es\/wp-json\/wp\/v2\/media?parent=1873"}],"curies":[{"name":"wp","href":"https:\/\/api.w.org\/{rel}","templated":true}]}}