{"id":1466,"date":"2024-03-11T15:17:38","date_gmt":"2024-03-11T14:17:38","guid":{"rendered":"https:\/\/declaration-surrogacy-casablanca.org\/?page_id=1466"},"modified":"2024-03-18T12:23:22","modified_gmt":"2024-03-18T11:23:22","slug":"declaration-genese","status":"publish","type":"page","link":"https:\/\/declaration-surrogacy-casablanca.org\/fr\/declaration-genese\/","title":{"rendered":"D\u00e9claration Gen\u00e8se"},"content":{"rendered":"\t\t<div data-elementor-type=\"wp-page\" data-elementor-id=\"1466\" class=\"elementor elementor-1466 elementor-916\" data-elementor-post-type=\"page\">\n\t\t\t\t<div class=\"elementor-element elementor-element-f4f2fb1 e-flex e-con-boxed e-con e-parent\" data-id=\"f4f2fb1\" data-element_type=\"container\" data-e-type=\"container\" data-settings=\"{&quot;background_background&quot;:&quot;classic&quot;}\">\n\t\t\t\t\t<div class=\"e-con-inner\">\n\t\t\t\t<div class=\"elementor-element elementor-element-8c20545 elementor-widget elementor-widget-heading\" data-id=\"8c20545\" data-element_type=\"widget\" data-e-type=\"widget\" data-widget_type=\"heading.default\">\n\t\t\t\t<div class=\"elementor-widget-container\">\n\t\t\t\t\t<h1 class=\"elementor-heading-title elementor-size-default\">D\u00e9claration Gen\u00e8se<\/h1>\t\t\t\t<\/div>\n\t\t\t\t<\/div>\n\t\t\t\t\t<\/div>\n\t\t\t\t<\/div>\n\t\t<div class=\"elementor-element elementor-element-609ccb2 e-flex e-con-boxed e-con e-parent\" data-id=\"609ccb2\" data-element_type=\"container\" data-e-type=\"container\">\n\t\t\t\t\t<div class=\"e-con-inner\">\n\t\t\t\t<div class=\"elementor-element elementor-element-29975f8 elementor-widget elementor-widget-image\" data-id=\"29975f8\" data-element_type=\"widget\" data-e-type=\"widget\" data-widget_type=\"image.default\">\n\t\t\t\t<div class=\"elementor-widget-container\">\n\t\t\t\t\t\t\t\t\t\t\t\t\t\t\t<img fetchpriority=\"high\" decoding=\"async\" width=\"650\" height=\"627\" src=\"https:\/\/declaration-surrogacy-casablanca.org\/wp-content\/uploads\/2023\/02\/GPA-anglaisv2_sticker.jpg\" class=\"attachment-large size-large wp-image-1101\" alt=\"\" srcset=\"https:\/\/declaration-surrogacy-casablanca.org\/wp-content\/uploads\/2023\/02\/GPA-anglaisv2_sticker.jpg 650w, https:\/\/declaration-surrogacy-casablanca.org\/wp-content\/uploads\/2023\/02\/GPA-anglaisv2_sticker-300x289.jpg 300w\" sizes=\"(max-width: 650px) 100vw, 650px\" \/>\t\t\t\t\t\t\t\t\t\t\t\t\t\t\t<\/div>\n\t\t\t\t<\/div>\n\t\t\t\t<div class=\"elementor-element elementor-element-c4697eb elementor-widget elementor-widget-text-editor\" data-id=\"c4697eb\" data-element_type=\"widget\" data-e-type=\"widget\" data-widget_type=\"text-editor.default\">\n\t\t\t\t<div class=\"elementor-widget-container\">\n\t\t\t\t\t\t\t\t\t<p>Le 3 mars 2023, \u00e0 Casablanca (Maroc), a \u00e9t\u00e9 pr\u00e9sent\u00e9e au public la D\u00e9claration de Casablanca, sign\u00e9e par 100 experts de 75 nationalit\u00e9s, et demandant aux \u00c9tats de s\u2019engager pour l\u2019abolition universelle de la gestation pour autrui.<\/p>\n<p>La d\u00e9claration de Casablanca trouve son origine dans un groupe d&rsquo;experts, principalement des juristes, des m\u00e9decins et des psychologues, qui sont \u00e0 la fois chercheurs et praticiens dans leurs domaines respectifs. Ces professionnels travaillent depuis longtemps sur la gestation pour autrui (GPA) et son impact sur les individus et la soci\u00e9t\u00e9.<\/p>\n<p>Ils sont depuis longtemps parvenus \u00e0 ce constat partag\u00e9 que la dimension internationale de la GPA exige une r\u00e9ponse internationale, et qu\u2019une Convention internationale serait le seul moyen efficace d\u2019emporter, enfin, l\u2019abolition de la GPA.<\/p>\n<p>Convaincus de la n\u00e9cessit\u00e9 de travailler ensemble et de fa\u00e7on collaborative sur les moyens de susciter une telle initiative internationale pour prot\u00e9ger femmes et enfants du march\u00e9 mondial de la gestation pour autrui, ils ont d\u00e9cid\u00e9 r\u00e9diger une proposition de Convention internationale pour l\u2019abolition universelle de la gestation pour autrui.<\/p>\n<p>Mais, plut\u00f4t que de publier ce travail doctrinal dans des revues sp\u00e9cialis\u00e9es, ils ont sollicit\u00e9 leurs coll\u00e8gues, des experts du monde entier, pour attirer l\u2019attention et surtout l\u2019int\u00e9r\u00eat des \u00c9tats sur cette d\u00e9marche internationale qui leur est demand\u00e9e. Les premiers signataires sont 100 experts de 75 nationalit\u00e9s qui demandent aux \u00c9tats de :<\/p>\n<ul>\n<li>Prendre des mesures de lutte contre la GPA sur leur territoire<\/li>\n<li>S\u2019engager dans une Convention internationale en vue de l\u2019abolition universelle de la gestation pour autrui.<\/li>\n<\/ul>\n<p>Suivre l\u2019\u00e9v\u00e8nement de la D\u00e9claration de Casablanca pour l\u2019abolition de la GPA sur :<\/p>\n\t\t\t\t\t\t\t\t<\/div>\n\t\t\t\t<\/div>\n\t\t\t\t<div class=\"elementor-element elementor-element-1d85f1d elementor-shape-circle e-grid-align-left elementor-grid-0 elementor-widget elementor-widget-social-icons\" data-id=\"1d85f1d\" data-element_type=\"widget\" data-e-type=\"widget\" data-widget_type=\"social-icons.default\">\n\t\t\t\t<div class=\"elementor-widget-container\">\n\t\t\t\t\t\t\t<div class=\"elementor-social-icons-wrapper elementor-grid\" role=\"list\">\n\t\t\t\t\t\t\t<span class=\"elementor-grid-item\" role=\"listitem\">\n\t\t\t\t\t<a class=\"elementor-icon elementor-social-icon elementor-social-icon-facebook elementor-repeater-item-1385b9f\" href=\"https:\/\/www.facebook.com\/AbolitionGPA\" target=\"_blank\">\n\t\t\t\t\t\t<span class=\"elementor-screen-only\">Facebook<\/span>\n\t\t\t\t\t\t<svg aria-hidden=\"true\" class=\"e-font-icon-svg e-fab-facebook\" viewBox=\"0 0 512 512\" xmlns=\"http:\/\/www.w3.org\/2000\/svg\"><path d=\"M504 256C504 119 393 8 256 8S8 119 8 256c0 123.78 90.69 226.38 209.25 245V327.69h-63V256h63v-54.64c0-62.15 37-96.48 93.67-96.48 27.14 0 55.52 4.84 55.52 4.84v61h-31.28c-30.8 0-40.41 19.12-40.41 38.73V256h68.78l-11 71.69h-57.78V501C413.31 482.38 504 379.78 504 256z\"><\/path><\/svg>\t\t\t\t\t<\/a>\n\t\t\t\t<\/span>\n\t\t\t\t\t\t\t<span class=\"elementor-grid-item\" role=\"listitem\">\n\t\t\t\t\t<a class=\"elementor-icon elementor-social-icon elementor-social-icon-twitter elementor-repeater-item-40d920c\" href=\"https:\/\/twitter.com\/CasaDeclaration\" target=\"_blank\">\n\t\t\t\t\t\t<span class=\"elementor-screen-only\">Twitter<\/span>\n\t\t\t\t\t\t<svg aria-hidden=\"true\" class=\"e-font-icon-svg e-fab-twitter\" viewBox=\"0 0 512 512\" xmlns=\"http:\/\/www.w3.org\/2000\/svg\"><path d=\"M459.37 151.716c.325 4.548.325 9.097.325 13.645 0 138.72-105.583 298.558-298.558 298.558-59.452 0-114.68-17.219-161.137-47.106 8.447.974 16.568 1.299 25.34 1.299 49.055 0 94.213-16.568 130.274-44.832-46.132-.975-84.792-31.188-98.112-72.772 6.498.974 12.995 1.624 19.818 1.624 9.421 0 18.843-1.3 27.614-3.573-48.081-9.747-84.143-51.98-84.143-102.985v-1.299c13.969 7.797 30.214 12.67 47.431 13.319-28.264-18.843-46.781-51.005-46.781-87.391 0-19.492 5.197-37.36 14.294-52.954 51.655 63.675 129.3 105.258 216.365 109.807-1.624-7.797-2.599-15.918-2.599-24.04 0-57.828 46.782-104.934 104.934-104.934 30.213 0 57.502 12.67 76.67 33.137 23.715-4.548 46.456-13.32 66.599-25.34-7.798 24.366-24.366 44.833-46.132 57.827 21.117-2.273 41.584-8.122 60.426-16.243-14.292 20.791-32.161 39.308-52.628 54.253z\"><\/path><\/svg>\t\t\t\t\t<\/a>\n\t\t\t\t<\/span>\n\t\t\t\t\t<\/div>\n\t\t\t\t\t\t<\/div>\n\t\t\t\t<\/div>\n\t\t\t\t\t<\/div>\n\t\t\t\t<\/div>\n\t\t\t\t<\/div>\n\t\t","protected":false},"excerpt":{"rendered":"<p>D\u00e9claration Gen\u00e8se Le 3 mars 2023, \u00e0 Casablanca (Maroc), a \u00e9t\u00e9 pr\u00e9sent\u00e9e au public la D\u00e9claration de Casablanca, sign\u00e9e par 100 experts de 75 nationalit\u00e9s, et demandant aux \u00c9tats de s\u2019engager pour l\u2019abolition universelle de la gestation pour autrui. La d\u00e9claration de Casablanca trouve son origine dans un groupe d&rsquo;experts, principalement des juristes, des m\u00e9decins [&hellip;]<\/p>\n","protected":false},"author":4,"featured_media":0,"parent":0,"menu_order":0,"comment_status":"closed","ping_status":"closed","template":"elementor_header_footer","meta":{"_seopress_robots_primary_cat":"","_seopress_titles_title":"","_seopress_titles_desc":"","_seopress_robots_index":"","footnotes":""},"class_list":["post-1466","page","type-page","status-publish","hentry"],"_links":{"self":[{"href":"https:\/\/declaration-surrogacy-casablanca.org\/fr\/wp-json\/wp\/v2\/pages\/1466","targetHints":{"allow":["GET"]}}],"collection":[{"href":"https:\/\/declaration-surrogacy-casablanca.org\/fr\/wp-json\/wp\/v2\/pages"}],"about":[{"href":"https:\/\/declaration-surrogacy-casablanca.org\/fr\/wp-json\/wp\/v2\/types\/page"}],"author":[{"embeddable":true,"href":"https:\/\/declaration-surrogacy-casablanca.org\/fr\/wp-json\/wp\/v2\/users\/4"}],"replies":[{"embeddable":true,"href":"https:\/\/declaration-surrogacy-casablanca.org\/fr\/wp-json\/wp\/v2\/comments?post=1466"}],"version-history":[{"count":0,"href":"https:\/\/declaration-surrogacy-casablanca.org\/fr\/wp-json\/wp\/v2\/pages\/1466\/revisions"}],"wp:attachment":[{"href":"https:\/\/declaration-surrogacy-casablanca.org\/fr\/wp-json\/wp\/v2\/media?parent=1466"}],"curies":[{"name":"wp","href":"https:\/\/api.w.org\/{rel}","templated":true}]}}