{"id":1468,"date":"2024-03-11T15:17:47","date_gmt":"2024-03-11T14:17:47","guid":{"rendered":"https:\/\/declaration-surrogacy-casablanca.org\/?page_id=1468"},"modified":"2024-03-19T11:10:07","modified_gmt":"2024-03-19T10:10:07","slug":"texte-de-la-declaration","status":"publish","type":"page","link":"https:\/\/declaration-surrogacy-casablanca.org\/fr\/texte-de-la-declaration\/","title":{"rendered":"Texte de la D\u00e9claration"},"content":{"rendered":"\t\t<div data-elementor-type=\"wp-page\" data-elementor-id=\"1468\" class=\"elementor elementor-1468 elementor-843\" data-elementor-post-type=\"page\">\n\t\t\t\t<div class=\"elementor-element elementor-element-0f73e5f e-flex e-con-boxed e-con e-parent\" data-id=\"0f73e5f\" data-element_type=\"container\" data-e-type=\"container\" data-settings=\"{&quot;background_background&quot;:&quot;classic&quot;}\">\n\t\t\t\t\t<div class=\"e-con-inner\">\n\t\t\t\t<div class=\"elementor-element elementor-element-0f96a70 elementor-widget elementor-widget-heading\" data-id=\"0f96a70\" data-element_type=\"widget\" data-e-type=\"widget\" data-widget_type=\"heading.default\">\n\t\t\t\t<div class=\"elementor-widget-container\">\n\t\t\t\t\t<h1 class=\"elementor-heading-title elementor-size-default\">Texte de la D\u00e9claration<\/h1>\t\t\t\t<\/div>\n\t\t\t\t<\/div>\n\t\t\t\t\t<\/div>\n\t\t\t\t<\/div>\n\t\t<div class=\"elementor-element elementor-element-02f092f e-flex e-con-boxed e-con e-parent\" data-id=\"02f092f\" data-element_type=\"container\" data-e-type=\"container\">\n\t\t\t\t\t<div class=\"e-con-inner\">\n\t\t\t\t<div class=\"elementor-element elementor-element-eccbee4 elementor-align-justify elementor-widget elementor-widget-button\" data-id=\"eccbee4\" data-element_type=\"widget\" data-e-type=\"widget\" data-widget_type=\"button.default\">\n\t\t\t\t<div class=\"elementor-widget-container\">\n\t\t\t\t\t\t\t\t\t<div class=\"elementor-button-wrapper\">\n\t\t\t\t\t<a class=\"elementor-button elementor-button-link elementor-size-sm\" href=\"http:\/\/declaration-surrogacy-casablanca.org\/wp-content\/uploads\/2023\/03\/Dossier-de-presse-Casablana.pdf\" target=\"_blank\">\n\t\t\t\t\t\t<span class=\"elementor-button-content-wrapper\">\n\t\t\t\t\t\t\t\t\t<span class=\"elementor-button-text\">Dossier de presse ici<\/span>\n\t\t\t\t\t<\/span>\n\t\t\t\t\t<\/a>\n\t\t\t\t<\/div>\n\t\t\t\t\t\t\t\t<\/div>\n\t\t\t\t<\/div>\n\t\t\t\t<div class=\"elementor-element elementor-element-dbc7962 elementor-align-center elementor-widget elementor-widget-button\" data-id=\"dbc7962\" data-element_type=\"widget\" data-e-type=\"widget\" data-widget_type=\"button.default\">\n\t\t\t\t<div class=\"elementor-widget-container\">\n\t\t\t\t\t\t\t\t\t<div class=\"elementor-button-wrapper\">\n\t\t\t\t\t<a class=\"elementor-button elementor-button-link elementor-size-sm\" href=\"http:\/\/declaration-surrogacy-casablanca.org\/wp-content\/uploads\/2023\/03\/Declaration-de-Casablanca.pdf\" target=\"_blank\">\n\t\t\t\t\t\t<span class=\"elementor-button-content-wrapper\">\n\t\t\t\t\t\t\t\t\t<span class=\"elementor-button-text\">La D\u00e9claration<\/span>\n\t\t\t\t\t<\/span>\n\t\t\t\t\t<\/a>\n\t\t\t\t<\/div>\n\t\t\t\t\t\t\t\t<\/div>\n\t\t\t\t<\/div>\n\t\t\t\t\t<\/div>\n\t\t\t\t<\/div>\n\t\t<div class=\"elementor-element elementor-element-eb6adbc e-flex e-con-boxed e-con e-parent\" data-id=\"eb6adbc\" data-element_type=\"container\" data-e-type=\"container\">\n\t\t\t\t\t<div class=\"e-con-inner\">\n\t\t\t\t<div class=\"elementor-element elementor-element-e69ff8e elementor-widget elementor-widget-image\" data-id=\"e69ff8e\" data-element_type=\"widget\" data-e-type=\"widget\" data-widget_type=\"image.default\">\n\t\t\t\t<div class=\"elementor-widget-container\">\n\t\t\t\t\t\t\t\t\t\t\t\t\t\t\t<img fetchpriority=\"high\" decoding=\"async\" width=\"651\" height=\"255\" src=\"https:\/\/declaration-surrogacy-casablanca.org\/wp-content\/uploads\/2024\/01\/Declaration-of-Casablanca-web.jpg\" class=\"attachment-medium_large size-medium_large wp-image-1435\" alt=\"\" srcset=\"https:\/\/declaration-surrogacy-casablanca.org\/wp-content\/uploads\/2024\/01\/Declaration-of-Casablanca-web.jpg 651w, https:\/\/declaration-surrogacy-casablanca.org\/wp-content\/uploads\/2024\/01\/Declaration-of-Casablanca-web-300x118.jpg 300w\" sizes=\"(max-width: 651px) 100vw, 651px\" \/>\t\t\t\t\t\t\t\t\t\t\t\t\t\t\t<\/div>\n\t\t\t\t<\/div>\n\t\t\t\t<div class=\"elementor-element elementor-element-1303f63 elementor-widget elementor-widget-text-editor\" data-id=\"1303f63\" data-element_type=\"widget\" data-e-type=\"widget\" data-widget_type=\"text-editor.default\">\n\t\t\t\t<div class=\"elementor-widget-container\">\n\t\t\t\t\t\t\t\t\t<p>Nous, signataires de la pr\u00e9sente D\u00e9claration<em><br \/><\/em><\/p>\n<p><strong>Conscients<\/strong><\/p>\n<ul>\n<li>De la souffrance des personnes qui ne peuvent pas procr\u00e9er<\/li>\n<li>De l\u2019attrait exerc\u00e9 par les technologies reproductives <\/li>\n<li>Et de l\u2019enjeu international d\u2019une protection efficace de la dignit\u00e9 humaine<\/li>\n<\/ul>\n<p><strong>Convaincus que le contrat par lequel un ou plusieurs commanditaires conviennent avec une femme qu\u2019elle portera un enfant ou plusieurs enfants en vue de leur remise \u00e0 la naissance, quelles que soient sa d\u00e9nomination et ses modalit\u00e9s et ci-apr\u00e8s d\u00e9sign\u00e9 comme gestation pour autrui (GPA),<\/strong><\/p>\n<ul>\n<li>Porte atteinte \u00e0 la dignit\u00e9 humaine<\/li>\n<li>Et contribue \u00e0 la marchandisation des femmes et des enfants<\/li>\n<\/ul>\n<p><strong>Demandons aux \u00c9tats de condamner la GPA dans toutes ses modalit\u00e9s et sous toutes ses formes, qu\u2019elle soit r\u00e9mun\u00e9r\u00e9e ou non, et d\u2019adopter des mesures pour combattre cette pratique.<\/strong><\/p>\n<p>Dans ce but, nous adressons aux \u00c9tats les recommandations suivantes :<\/p>\n<ul>\n<li>Interdire la GPA sur leur territoire<\/li>\n<li>Refuser toute valeur juridique aux contrats comportant l\u2019engagement pour une femme de porter et remettre un enfant<\/li>\n<li>Sanctionner les personnes, physiques ou morales, qui se proposent comme interm\u00e9diaires**** entre les m\u00e8res porteuses** et les commanditaires***<\/li>\n<li>Sanctionner les personnes qui recourent \u00e0 la GPA sur leur territoire <\/li>\n<li>Sanctionner leurs ressortissants qui recourent \u00e0 la GPA en dehors de leur territoire <\/li>\n<li>Agir en vue de l\u2019adoption d\u2019un instrument juridique international emportant abolition universelle de la GPA.<\/li>\n<\/ul>\n<p><em><strong>Proposons en annexe de la pr\u00e9sente D\u00e9claration un projet de Convention internationale \u00e0 la libre disposition des \u00c9tats qui voudront s\u2019engager dans cette d\u00e9marche.<\/strong><\/em><\/p>\n\t\t\t\t\t\t\t\t<\/div>\n\t\t\t\t<\/div>\n\t\t\t\t<div class=\"elementor-element elementor-element-f47bd20 elementor-widget elementor-widget-text-editor\" data-id=\"f47bd20\" data-element_type=\"widget\" data-e-type=\"widget\" data-widget_type=\"text-editor.default\">\n\t\t\t\t<div class=\"elementor-widget-container\">\n\t\t\t\t\t\t\t\t\t<p><em>* La gestation pour autrui ou procr\u00e9ation pour autrui, maternit\u00e9 de substitution, exploitation reproductive, recours \u00e0 une m\u00e8re porteuse, est le fait pour un ou plusieurs commanditaires de convenir avec une femme qu\u2019elle portera un enfant ou plusieurs enfants en vue de leur remise \u00e0 la naissance, que l\u2019accord soit convenu directement entre eux ou par l\u2019interm\u00e9diaire d\u2019un ou plusieurs tiers.<\/em><br \/><em>** Gestatrice, ou m\u00e8re porteuse ou m\u00e8re de substitution : femme qui s\u2019engage envers un ou des commanditaires \u00e0 porter pour leur compte un ou plusieurs enfants qu\u2019elle leur remettra \u00e0 la naissance.<\/em><\/p>\n<p><em>*** Commanditaire(s) : la ou les personnes, \u00e9galement d\u00e9sign\u00e9s comme clients ou parents d\u2019intention, qui conviennent avec une femme qu\u2019elle portera pour leur compte un ou plusieurs enfants qu\u2019elle leur remettra \u00e0 la naissance.<\/em><\/p>\n<p><em>**** Interm\u00e9diaires en vue de la GPA : personne(s) physique(s) ou morale(s) qui mettent en contact une femme et un ou plusieurs commanditaires afin que celle-ci porte un ou plusieurs enfants qu\u2019elle leur remettra \u00e0 la naissance, et\/ou assurent l\u2019entremise entre la femme et le ou les commanditaires dans ce but.<\/em><\/p>\n\t\t\t\t\t\t\t\t<\/div>\n\t\t\t\t<\/div>\n\t\t\t\t<div class=\"elementor-element elementor-element-1b0337f elementor-widget elementor-widget-image\" data-id=\"1b0337f\" data-element_type=\"widget\" data-e-type=\"widget\" data-widget_type=\"image.default\">\n\t\t\t\t<div class=\"elementor-widget-container\">\n\t\t\t\t\t\t\t\t\t\t\t\t\t\t\t<img decoding=\"async\" width=\"650\" height=\"627\" src=\"https:\/\/declaration-surrogacy-casablanca.org\/wp-content\/uploads\/2023\/02\/GPA-anglaisv2_sticker.jpg\" class=\"attachment-large size-large wp-image-1101\" alt=\"\" srcset=\"https:\/\/declaration-surrogacy-casablanca.org\/wp-content\/uploads\/2023\/02\/GPA-anglaisv2_sticker.jpg 650w, https:\/\/declaration-surrogacy-casablanca.org\/wp-content\/uploads\/2023\/02\/GPA-anglaisv2_sticker-300x289.jpg 300w\" sizes=\"(max-width: 650px) 100vw, 650px\" \/>\t\t\t\t\t\t\t\t\t\t\t\t\t\t\t<\/div>\n\t\t\t\t<\/div>\n\t\t\t\t<div class=\"elementor-element elementor-element-aca0e28 elementor-widget-divider--view-line elementor-widget elementor-widget-divider\" data-id=\"aca0e28\" data-element_type=\"widget\" data-e-type=\"widget\" data-widget_type=\"divider.default\">\n\t\t\t\t<div class=\"elementor-widget-container\">\n\t\t\t\t\t\t\t<div class=\"elementor-divider\">\n\t\t\t<span class=\"elementor-divider-separator\">\n\t\t\t\t\t\t<\/span>\n\t\t<\/div>\n\t\t\t\t\t\t<\/div>\n\t\t\t\t<\/div>\n\t\t\t\t<div class=\"elementor-element elementor-element-28d7a33 elementor-widget elementor-widget-text-editor\" data-id=\"28d7a33\" data-element_type=\"widget\" data-e-type=\"widget\" data-widget_type=\"text-editor.default\">\n\t\t\t\t<div class=\"elementor-widget-container\">\n\t\t\t\t\t\t\t\t\t<p><strong>Annexe \u2013 Convention internationale propos\u00e9e aux \u00c9tats pour l\u2019abolition universelle de la GPA<\/strong><\/p>\n<p>Les \u00c9tats signataires \u00e0 la pr\u00e9sente Convention,<\/p>\n<p><strong>Conscients<\/strong><\/p>\n<ul>\n<li>De la souffrance des personnes qui ne peuvent pas procr\u00e9er<\/li>\n<li>De l\u2019attrait exerc\u00e9 par les technologies reproductives <\/li>\n<li>Et de l\u2019enjeu international d\u2019une protection efficace de la dignit\u00e9 humaine<\/li>\n<\/ul>\n<p><strong>Convaincus que le contrat par lequel un ou plusieurs commanditaires conviennent avec une femme qu\u2019elle portera un enfant ou plusieurs enfants en vue de leur remise \u00e0 la naissance, quelles que soient sa d\u00e9nomination et ses modalit\u00e9s et ci-apr\u00e8s d\u00e9sign\u00e9 comme gestation pour autrui (GPA),<\/strong><\/p>\n<ul>\n<li>Porte atteinte \u00e0 la dignit\u00e9 humaine<\/li>\n<li>Et contribue \u00e0 la marchandisation des femmes et des enfants<\/li>\n<\/ul>\n<p><strong>Condamnent la gestation pour autrui dans toutes ses modalit\u00e9s et sous toutes ses formes, qu\u2019elle soit r\u00e9mun\u00e9r\u00e9e ou non.<\/strong><\/p>\n<p><strong>S\u2019engagent \u00e0 lutter contre cette pratique pour prot\u00e9ger et pr\u00e9server la dignit\u00e9 humaine et les droits des femmes et des enfants, en adoptant des mesures concr\u00e8tes et, notamment :<\/strong><\/p>\n<ul>\n<li>Interdire la GPA sur leur territoire<\/li>\n<li>Refuser toute valeur juridique aux contrats comportant l\u2019engagement pour une femme de porter et remettre un enfant<\/li>\n<li>Sanctionner les personnes, physiques ou morales, qui se proposent comme interm\u00e9diaires entre les m\u00e8res porteuses et les commanditaires <\/li>\n<li>Sanctionner les personnes qui recourent \u00e0 la GPA sur leur territoire <\/li>\n<li>Sanctionner leurs ressortissants qui recourent \u00e0 la GPA en dehors de leur territoire<\/li>\n<\/ul>\n\t\t\t\t\t\t\t\t<\/div>\n\t\t\t\t<\/div>\n\t\t\t\t<div class=\"elementor-element elementor-element-d0ddc8a elementor-widget elementor-widget-text-editor\" data-id=\"d0ddc8a\" data-element_type=\"widget\" data-e-type=\"widget\" data-widget_type=\"text-editor.default\">\n\t\t\t\t<div class=\"elementor-widget-container\">\n\t\t\t\t\t\t\t\t\t<p><em>La D\u00e9claration de Casablanca pour l\u2019abolition universelle de la gestation pour autrui, sign\u00e9e par 100 experts (juristes, m\u00e9decins, psychologues, philosophes etc.) de 75 nationalit\u00e9s, a \u00e9t\u00e9 rendue publique \u00e0 Casablanca (Maroc) le 3 mars 2023.<\/em><\/p>\n<p><em>Ce texte n\u2019est la propri\u00e9t\u00e9 d\u2019aucune structure. Il est \u00e0 la disposition de tout \u00c9tat, organisation ou personne qui souhaite pr\u00e9server l\u2019humanit\u00e9 du fl\u00e9au de la gestation pour autrui.<\/em><\/p>\n<p><em>Aucune autorisation n\u2019est \u00e0 demander \u00e0 quiconque pour utiliser le contenu de la D\u00e9claration ou la proposition de Convention internationale qu\u2019elle comporte en annexe.<\/em>  <\/p>\n<p><em>La D\u00e9claration de Casablanca est la contribution que les experts signataires sont heureux d\u2019offrir \u00e0 l\u2019humanit\u00e9, \u00e0 tous et \u00e0 chacun.<\/em><\/p>\n\t\t\t\t\t\t\t\t<\/div>\n\t\t\t\t<\/div>\n\t\t\t\t\t<\/div>\n\t\t\t\t<\/div>\n\t\t\t\t<\/div>\n\t\t","protected":false},"excerpt":{"rendered":"<p>Texte de la D\u00e9claration Dossier de presse ici La D\u00e9claration Nous, signataires de la pr\u00e9sente D\u00e9claration Conscients De la souffrance des personnes qui ne peuvent pas procr\u00e9er De l\u2019attrait exerc\u00e9 par les technologies reproductives Et de l\u2019enjeu international d\u2019une protection efficace de la dignit\u00e9 humaine Convaincus que le contrat par lequel un ou plusieurs commanditaires [&hellip;]<\/p>\n","protected":false},"author":4,"featured_media":0,"parent":0,"menu_order":0,"comment_status":"closed","ping_status":"closed","template":"elementor_header_footer","meta":{"_seopress_robots_primary_cat":"","_seopress_titles_title":"","_seopress_titles_desc":"","_seopress_robots_index":"","footnotes":""},"class_list":["post-1468","page","type-page","status-publish","hentry"],"_links":{"self":[{"href":"https:\/\/declaration-surrogacy-casablanca.org\/fr\/wp-json\/wp\/v2\/pages\/1468","targetHints":{"allow":["GET"]}}],"collection":[{"href":"https:\/\/declaration-surrogacy-casablanca.org\/fr\/wp-json\/wp\/v2\/pages"}],"about":[{"href":"https:\/\/declaration-surrogacy-casablanca.org\/fr\/wp-json\/wp\/v2\/types\/page"}],"author":[{"embeddable":true,"href":"https:\/\/declaration-surrogacy-casablanca.org\/fr\/wp-json\/wp\/v2\/users\/4"}],"replies":[{"embeddable":true,"href":"https:\/\/declaration-surrogacy-casablanca.org\/fr\/wp-json\/wp\/v2\/comments?post=1468"}],"version-history":[{"count":0,"href":"https:\/\/declaration-surrogacy-casablanca.org\/fr\/wp-json\/wp\/v2\/pages\/1468\/revisions"}],"wp:attachment":[{"href":"https:\/\/declaration-surrogacy-casablanca.org\/fr\/wp-json\/wp\/v2\/media?parent=1468"}],"curies":[{"name":"wp","href":"https:\/\/api.w.org\/{rel}","templated":true}]}}