{"id":1472,"date":"2024-03-11T15:17:19","date_gmt":"2024-03-11T14:17:19","guid":{"rendered":"https:\/\/declaration-surrogacy-casablanca.org\/?page_id=1472"},"modified":"2024-04-17T21:04:08","modified_gmt":"2024-04-17T19:04:08","slug":"rome-2024","status":"publish","type":"page","link":"https:\/\/declaration-surrogacy-casablanca.org\/fr\/rome-2024\/","title":{"rendered":"Rome 2024"},"content":{"rendered":"\t\t<div data-elementor-type=\"wp-page\" data-elementor-id=\"1472\" class=\"elementor elementor-1472 elementor-966\" data-elementor-post-type=\"page\">\n\t\t\t\t<div class=\"elementor-element elementor-element-bee2bc1 e-flex e-con-boxed e-con e-parent\" data-id=\"bee2bc1\" data-element_type=\"container\" data-e-type=\"container\" data-settings=\"{&quot;background_background&quot;:&quot;classic&quot;}\">\n\t\t\t\t\t<div class=\"e-con-inner\">\n\t\t\t\t<div class=\"elementor-element elementor-element-a7f4d9a elementor-widget elementor-widget-heading\" data-id=\"a7f4d9a\" data-element_type=\"widget\" data-e-type=\"widget\" data-widget_type=\"heading.default\">\n\t\t\t\t<div class=\"elementor-widget-container\">\n\t\t\t\t\t<h1 class=\"elementor-heading-title elementor-size-default\">Rome 2024<\/h1>\t\t\t\t<\/div>\n\t\t\t\t<\/div>\n\t\t\t\t\t<\/div>\n\t\t\t\t<\/div>\n\t\t<div class=\"elementor-element elementor-element-c1282bd e-flex e-con-boxed e-con e-parent\" data-id=\"c1282bd\" data-element_type=\"container\" data-e-type=\"container\">\n\t\t\t\t\t<div class=\"e-con-inner\">\n\t\t\t\t<div class=\"elementor-element elementor-element-8583039 elementor-widget__width-inherit elementor-widget elementor-widget-image\" data-id=\"8583039\" data-element_type=\"widget\" data-e-type=\"widget\" data-widget_type=\"image.default\">\n\t\t\t\t<div class=\"elementor-widget-container\">\n\t\t\t\t\t\t\t\t\t\t\t\t\t\t\t<img fetchpriority=\"high\" decoding=\"async\" width=\"768\" height=\"374\" src=\"https:\/\/declaration-surrogacy-casablanca.org\/wp-content\/uploads\/2024\/01\/Rome-flamme-V2-768x374.png\" class=\"attachment-medium_large size-medium_large wp-image-1437\" alt=\"\" srcset=\"https:\/\/declaration-surrogacy-casablanca.org\/wp-content\/uploads\/2024\/01\/Rome-flamme-V2-768x374.png 768w, https:\/\/declaration-surrogacy-casablanca.org\/wp-content\/uploads\/2024\/01\/Rome-flamme-V2-300x146.png 300w, https:\/\/declaration-surrogacy-casablanca.org\/wp-content\/uploads\/2024\/01\/Rome-flamme-V2-1024x499.png 1024w, https:\/\/declaration-surrogacy-casablanca.org\/wp-content\/uploads\/2024\/01\/Rome-flamme-V2.png 1194w\" sizes=\"(max-width: 768px) 100vw, 768px\" \/>\t\t\t\t\t\t\t\t\t\t\t\t\t\t\t<\/div>\n\t\t\t\t<\/div>\n\t\t\t\t<div class=\"elementor-element elementor-element-c4db8f0 elementor-widget__width-inherit elementor-widget elementor-widget-text-editor\" data-id=\"c4db8f0\" data-element_type=\"widget\" data-e-type=\"widget\" data-widget_type=\"text-editor.default\">\n\t\t\t\t<div class=\"elementor-widget-container\">\n\t\t\t\t\t\t\t\t\t<p>Si peu de pays dans le monde ont l\u00e9galis\u00e9 la gestation pour autrui, tous sont concern\u00e9s par le fait que des femmes sont sollicit\u00e9es pour devenir m\u00e8res porteuses ou que leurs ressortissants se rendent \u00e0 l&rsquo;\u00e9tranger pour avoir un enfant par le biais d&rsquo;une gestation pour autrui. <\/p>\n<p>Face \u00e0 ce d\u00e9fi mondial, la D\u00e9claration de Casablanca du 3 mars 2023, sign\u00e9e par 100 experts de 75 nationalit\u00e9s, appelle les gouvernements \u00e0 d\u00e9passer la r\u00e9signation et \u00e0 condamner la maternit\u00e9 de substitution et \u00e0 prendre des mesures concr\u00e8tes pour mettre fin \u00e0 ce commerce. <\/p>\n<p>La D\u00e9claration propose aux Etats de s&rsquo;engager dans une Convention internationale pour promouvoir un contexte mondial de refus de la gestation pour autrui, susceptible d&rsquo;entra\u00eener de nombreux pays dans ce sillage vertueux. <\/p>\n<p>L&rsquo;Italie, avec l&rsquo;adoption actuelle d&rsquo;une loi criminalisant le recours \u00e0 la gestation pour autrui, y compris en dehors du territoire italien, montre la voie \u00e0 d&rsquo;autres pays et pourrait jouer un r\u00f4le sur la sc\u00e8ne internationale en vue d&rsquo;une convention internationale pour l&rsquo;interdiction globale de la gestation pour autrui.<\/p>\n\t\t\t\t\t\t\t\t<\/div>\n\t\t\t\t<\/div>\n\t\t\t\t<div class=\"elementor-element elementor-element-390cf39 elementor-widget__width-inherit elementor-widget elementor-widget-text-editor\" data-id=\"390cf39\" data-element_type=\"widget\" data-e-type=\"widget\" data-widget_type=\"text-editor.default\">\n\t\t\t\t<div class=\"elementor-widget-container\">\n\t\t\t\t\t\t\t\t\t<p>C&rsquo;est pourquoi la Conf\u00e9rence internationale pour l&rsquo;abolition universelle de la gestation pour autrui s&rsquo;est tenue \u00e0 Rome les 5 et 6 avril, avec des interventions de :<\/p>\n<ul>\n<li>Reem ALSALEM, Rapporteuse sp\u00e9ciale des Nations unies sur la violence \u00e0 l&rsquo;\u00e9gard des femmes et des filles<\/li>\n<li>Velina TODOROVA, membre du Comit\u00e9 des droits de l&rsquo;enfant des Nations unies<\/li>\n<li>Eugenia ROCCELLA, ministre italienne de la famille<\/li>\n<li>Olivia MAUREL, n\u00e9e de la GPA et porte-parole de la D\u00e9claration de Casablanca.<\/li>\n<\/ul>\n<p> Des sp\u00e9cialistes des cinq continents apporteront leur expertise avec un double objectif : <\/p>\n<ul>\n<li>Informer les d\u00e9cideurs publics des effets n\u00e9fastes de la gestation pour autrui (GPA)<\/li>\n<li>Fournir une bo\u00eete \u00e0 outils juridique aux \u00c9tats d\u00e9sireux de d\u00e9fendre leurs populations contre ce march\u00e9. <\/li>\n<\/ul>\n<p>La conf\u00e9rence internationale de Rome se veut une \u00e9tape d\u00e9cisive pour soutenir et encourager les initiatives nationales et internationales, en vue de l&rsquo;adoption d&rsquo;un trait\u00e9 international. <\/p>\t\t\t\t\t\t\t\t<\/div>\n\t\t\t\t<\/div>\n\t\t\t\t<div class=\"elementor-element elementor-element-50f1b62 elementor-align-center elementor-widget__width-initial elementor-widget elementor-widget-button\" data-id=\"50f1b62\" data-element_type=\"widget\" data-e-type=\"widget\" data-widget_type=\"button.default\">\n\t\t\t\t<div class=\"elementor-widget-container\">\n\t\t\t\t\t\t\t\t\t<div class=\"elementor-button-wrapper\">\n\t\t\t\t\t<a class=\"elementor-button elementor-button-link elementor-size-sm\" href=\"https:\/\/declaration-surrogacy-casablanca.org\/wp-content\/uploads\/2024\/04\/programme-rome-fr-1.pdf\" target=\"_blank\">\n\t\t\t\t\t\t<span class=\"elementor-button-content-wrapper\">\n\t\t\t\t\t\t\t\t\t<span class=\"elementor-button-text\">Programme<\/span>\n\t\t\t\t\t<\/span>\n\t\t\t\t\t<\/a>\n\t\t\t\t<\/div>\n\t\t\t\t\t\t\t\t<\/div>\n\t\t\t\t<\/div>\n\t\t\t\t<div class=\"elementor-element elementor-element-c720ad5 elementor-align-center elementor-widget__width-initial elementor-widget elementor-widget-button\" data-id=\"c720ad5\" data-element_type=\"widget\" data-e-type=\"widget\" data-widget_type=\"button.default\">\n\t\t\t\t<div class=\"elementor-widget-container\">\n\t\t\t\t\t\t\t\t\t<div class=\"elementor-button-wrapper\">\n\t\t\t\t\t<a class=\"elementor-button elementor-button-link elementor-size-sm\" href=\"https:\/\/declaration-surrogacy-casablanca.org\/wp-content\/uploads\/2024\/03\/dossier-de-presse-conference-de-rome-fr-2.pdf\" target=\"_blank\">\n\t\t\t\t\t\t<span class=\"elementor-button-content-wrapper\">\n\t\t\t\t\t\t\t\t\t<span class=\"elementor-button-text\">Dossier de presse <\/span>\n\t\t\t\t\t<\/span>\n\t\t\t\t\t<\/a>\n\t\t\t\t<\/div>\n\t\t\t\t\t\t\t\t<\/div>\n\t\t\t\t<\/div>\n\t\t\t\t\t<\/div>\n\t\t\t\t<\/div>\n\t\t\t\t<\/div>\n\t\t","protected":false},"excerpt":{"rendered":"<p>Rome 2024 Si peu de pays dans le monde ont l\u00e9galis\u00e9 la gestation pour autrui, tous sont concern\u00e9s par le fait que des femmes sont sollicit\u00e9es pour devenir m\u00e8res porteuses ou que leurs ressortissants se rendent \u00e0 l&rsquo;\u00e9tranger pour avoir un enfant par le biais d&rsquo;une gestation pour autrui. Face \u00e0 ce d\u00e9fi mondial, la [&hellip;]<\/p>\n","protected":false},"author":4,"featured_media":0,"parent":0,"menu_order":0,"comment_status":"closed","ping_status":"closed","template":"elementor_header_footer","meta":{"_seopress_robots_primary_cat":"","_seopress_titles_title":"","_seopress_titles_desc":"","_seopress_robots_index":"","footnotes":""},"class_list":["post-1472","page","type-page","status-publish","hentry"],"_links":{"self":[{"href":"https:\/\/declaration-surrogacy-casablanca.org\/fr\/wp-json\/wp\/v2\/pages\/1472","targetHints":{"allow":["GET"]}}],"collection":[{"href":"https:\/\/declaration-surrogacy-casablanca.org\/fr\/wp-json\/wp\/v2\/pages"}],"about":[{"href":"https:\/\/declaration-surrogacy-casablanca.org\/fr\/wp-json\/wp\/v2\/types\/page"}],"author":[{"embeddable":true,"href":"https:\/\/declaration-surrogacy-casablanca.org\/fr\/wp-json\/wp\/v2\/users\/4"}],"replies":[{"embeddable":true,"href":"https:\/\/declaration-surrogacy-casablanca.org\/fr\/wp-json\/wp\/v2\/comments?post=1472"}],"version-history":[{"count":0,"href":"https:\/\/declaration-surrogacy-casablanca.org\/fr\/wp-json\/wp\/v2\/pages\/1472\/revisions"}],"wp:attachment":[{"href":"https:\/\/declaration-surrogacy-casablanca.org\/fr\/wp-json\/wp\/v2\/media?parent=1472"}],"curies":[{"name":"wp","href":"https:\/\/api.w.org\/{rel}","templated":true}]}}