{"id":1871,"date":"2022-09-26T11:01:43","date_gmt":"2022-09-26T09:01:43","guid":{"rendered":"https:\/\/declaration-surrogacy-casablanca.org\/mentions-legales\/"},"modified":"2026-02-09T17:19:46","modified_gmt":"2026-02-09T16:19:46","slug":"mentions-legales","status":"publish","type":"page","link":"https:\/\/declaration-surrogacy-casablanca.org\/fr\/mentions-legales\/","title":{"rendered":"MENTIONS L\u00c9GALES"},"content":{"rendered":"\t\t<div data-elementor-type=\"wp-page\" data-elementor-id=\"1871\" class=\"elementor elementor-1871 elementor-136\" data-elementor-post-type=\"page\">\n\t\t\t\t<div class=\"elementor-element elementor-element-e652f8a e-flex e-con-boxed e-con e-parent\" data-id=\"e652f8a\" data-element_type=\"container\" data-e-type=\"container\" data-settings=\"{&quot;background_background&quot;:&quot;classic&quot;}\">\n\t\t\t\t\t<div class=\"e-con-inner\">\n\t\t\t\t<div class=\"elementor-element elementor-element-69de303 elementor-widget elementor-widget-heading\" data-id=\"69de303\" data-element_type=\"widget\" data-e-type=\"widget\" data-widget_type=\"heading.default\">\n\t\t\t\t<div class=\"elementor-widget-container\">\n\t\t\t\t\t<h1 class=\"elementor-heading-title elementor-size-default\">Mentions l\u00e9gales<\/h1>\t\t\t\t<\/div>\n\t\t\t\t<\/div>\n\t\t\t\t\t<\/div>\n\t\t\t\t<\/div>\n\t\t<div class=\"elementor-element elementor-element-29d70233 e-flex e-con-boxed e-con e-parent\" data-id=\"29d70233\" data-element_type=\"container\" data-e-type=\"container\">\n\t\t\t\t\t<div class=\"e-con-inner\">\n\t\t\t\t<div class=\"elementor-element elementor-element-5b5ddfb1 elementor-widget elementor-widget-text-editor\" data-id=\"5b5ddfb1\" data-element_type=\"widget\" data-e-type=\"widget\" data-widget_type=\"text-editor.default\">\n\t\t\t\t<div class=\"elementor-widget-container\">\n\t\t\t\t\t\t\t\t\t<p class=\"has-text-align-center\"><br \/>En vigueur au 30\/12\/2019<\/p><p>Conform\u00e9ment aux dispositions des Articles 6-III et 19 de la Loi n\u00b02004-575 du 21 juin 2004 pour la Confiance dans l\u2019\u00e9conomie num\u00e9rique, dite L.C.E.N., il est port\u00e9 \u00e0 la connaissance des Utilisateurs du site <a href=\"http:\/\/declaration-surrogacy-casablanca.org\/\">www.declaration-surrogacy-casablanca.org<\/a> les pr\u00e9sentes mentions l\u00e9gales.<br \/>La connexion et la navigation sur le site www.declaration-surrogacy-casablanca.org par l\u2019Utilisateur, nomm\u00e9 aussi Visiteur, implique acceptation int\u00e9grale et sans r\u00e9serve des pr\u00e9sentes mentions l\u00e9gales.<br \/>Ces derni\u00e8res sont accessibles sur le site \u00e0 la rubrique \u00ab Mentions l\u00e9gales \u00bb.<\/p><p><strong>ARTICLE 1 : L\u2019\u00c9diteur<\/strong><br \/>L\u2019\u00e9dition du site www.declaration-surrogacy-casablanca.org est assur\u00e9e par D\u00e9claration de Casablanca : 102 avenue des Champs Elys\u00e9es, 75008 Paris. Adresse e-mail : <a href=\"mailto:contact@declaration-surrogacy-casablanca.org\">contact@declaration-surrogacy-casablanca.org<\/a><\/p><p>Le Directeur de la publication est Madame Aude Mirkovic.<\/p><p><strong>ARTICLE 2 : L\u2019H\u00e9bergeur<\/strong><\/p><p>L\u2019h\u00e9bergeur du site www.declaration-surrogacy-casablanca.org est la Soci\u00e9t\u00e9 OVH, dont le si\u00e8ge social est situ\u00e9 au 2 rue Kellermann \u2013 59100 Roubaix \u2013 France.<\/p><p><strong>ARTICLE 3 : Acc\u00e8s au site<\/strong><\/p><p>Le site est accessible par tout endroit, 7j\/7, 24h\/24 sauf cas de force majeure, interruption programm\u00e9e ou non et pouvant d\u00e9couler d\u2019une n\u00e9cessit\u00e9 de maintenance.<br \/>En cas de modification, interruption ou suspension des services le site www.declaration-surrogacy-casablanca.org ne saurait \u00eatre tenu responsable.<\/p><p><strong>ARTICLE 4 : Donn\u00e9es personnelles<\/strong><\/p><p>D\u2019une fa\u00e7on g\u00e9n\u00e9rale, le site peut \u00eatre visit\u00e9 sur Internet sans que le visiteur n\u2019aie \u00e0 d\u00e9cliner son identit\u00e9 et ni fournir des informations personnelles le concernant.<\/p><p>Cependant, il se peut que pour certaines t\u00e2ches, ces donn\u00e9es soient demand\u00e9es. Il sera n\u00e9anmoins possible \u00e0 l\u2019utilisateur de demander la suppression de ces donn\u00e9es personnelles sur simple envoi d\u2019un mail \u00e0 l\u2019adresse <a href=\"mailto:contact@juristespourlenfance.com\">contact@juristespourlenfance.com<\/a>.<\/p><p><strong>ARTICLE 5 : Cookies<\/strong><\/p><p>L\u2019Utilisateur est inform\u00e9 que lors de ses visites sur le site, un cookie peut s\u2019installer automatiquement sur son logiciel de navigation.<br \/>En naviguant sur le site, il les accepte.<br \/>Un cookie est un \u00e9l\u00e9ment qui ne permet pas d\u2019identifier le visiteur mais sert \u00e0 enregistrer des informations relatives \u00e0 la navigation de celui-ci sur le site Internet. Le visiteur pourra d\u00e9sactiver ou effacer ce cookie par l\u2019interm\u00e9diaire des param\u00e8tres figurant au sein de son logiciel de navigation.<\/p><p><strong>ARTICLE 6 : Propri\u00e9t\u00e9 Intellectuelle<\/strong><\/p><p>Toute utilisation, reproduction, diffusion, commercialisation, modification de toute ou partie du site www.declaration-surrogacy-casablanca.org, sans autorisation de l\u2019Editeur est prohib\u00e9e et pourra entra\u00eener des actions et poursuites judiciaires telles que notamment pr\u00e9vues par le Code de la propri\u00e9t\u00e9 intellectuelle et le Code civil.<\/p>\t\t\t\t\t\t\t\t<\/div>\n\t\t\t\t<\/div>\n\t\t\t\t\t<\/div>\n\t\t\t\t<\/div>\n\t\t\t\t<\/div>\n\t\t","protected":false},"excerpt":{"rendered":"<p>Mentions l\u00e9gales En vigueur au 30\/12\/2019 Conform\u00e9ment aux dispositions des Articles 6-III et 19 de la Loi n\u00b02004-575 du 21 juin 2004 pour la Confiance dans l\u2019\u00e9conomie num\u00e9rique, dite L.C.E.N., il est port\u00e9 \u00e0 la connaissance des Utilisateurs du site www.declaration-surrogacy-casablanca.org les pr\u00e9sentes mentions l\u00e9gales.La connexion et la navigation sur le site www.declaration-surrogacy-casablanca.org par l\u2019Utilisateur, [&hellip;]<\/p>\n","protected":false},"author":1,"featured_media":0,"parent":0,"menu_order":0,"comment_status":"closed","ping_status":"closed","template":"elementor_header_footer","meta":{"_seopress_robots_primary_cat":"","_seopress_titles_title":"","_seopress_titles_desc":"","_seopress_robots_index":"","footnotes":""},"class_list":["post-1871","page","type-page","status-publish","hentry"],"_links":{"self":[{"href":"https:\/\/declaration-surrogacy-casablanca.org\/fr\/wp-json\/wp\/v2\/pages\/1871","targetHints":{"allow":["GET"]}}],"collection":[{"href":"https:\/\/declaration-surrogacy-casablanca.org\/fr\/wp-json\/wp\/v2\/pages"}],"about":[{"href":"https:\/\/declaration-surrogacy-casablanca.org\/fr\/wp-json\/wp\/v2\/types\/page"}],"author":[{"embeddable":true,"href":"https:\/\/declaration-surrogacy-casablanca.org\/fr\/wp-json\/wp\/v2\/users\/1"}],"replies":[{"embeddable":true,"href":"https:\/\/declaration-surrogacy-casablanca.org\/fr\/wp-json\/wp\/v2\/comments?post=1871"}],"version-history":[{"count":0,"href":"https:\/\/declaration-surrogacy-casablanca.org\/fr\/wp-json\/wp\/v2\/pages\/1871\/revisions"}],"wp:attachment":[{"href":"https:\/\/declaration-surrogacy-casablanca.org\/fr\/wp-json\/wp\/v2\/media?parent=1871"}],"curies":[{"name":"wp","href":"https:\/\/api.w.org\/{rel}","templated":true}]}}